{"id":2939,"date":"2023-01-25T18:35:55","date_gmt":"2023-01-25T18:35:55","guid":{"rendered":"https:\/\/www.ftdche.eu\/upr\/"},"modified":"2023-06-27T09:45:07","modified_gmt":"2023-06-27T09:45:07","slug":"upr","status":"publish","type":"page","link":"https:\/\/www.ftdche.eu\/sl\/partnerji\/upr\/","title":{"rendered":"UPR"},"content":{"rendered":"<p><div class=\"fusion-fullwidth fullwidth-box fusion-builder-row-1 fusion-flex-container has-pattern-background has-mask-background nonhundred-percent-fullwidth non-hundred-percent-height-scrolling\" style=\"--awb-border-radius-top-left:0px;--awb-border-radius-top-right:0px;--awb-border-radius-bottom-right:0px;--awb-border-radius-bottom-left:0px;--awb-flex-wrap:wrap;\" ><div class=\"fusion-builder-row fusion-row fusion-flex-align-items-flex-start fusion-flex-content-wrap\" style=\"max-width:1310.4px;margin-left: calc(-4% \/ 2 );margin-right: calc(-4% \/ 2 );\"><div class=\"fusion-layout-column fusion_builder_column fusion-builder-column-0 fusion_builder_column_1_1 1_1 fusion-flex-column\" style=\"--awb-bg-size:cover;--awb-width-large:100%;--awb-margin-top-large:0px;--awb-spacing-right-large:1.92%;--awb-margin-bottom-large:20px;--awb-spacing-left-large:1.92%;--awb-width-medium:100%;--awb-order-medium:0;--awb-spacing-right-medium:1.92%;--awb-spacing-left-medium:1.92%;--awb-width-small:100%;--awb-order-small:0;--awb-spacing-right-small:1.92%;--awb-spacing-left-small:1.92%;\"><div class=\"fusion-column-wrapper fusion-column-has-shadow fusion-flex-justify-content-flex-start fusion-content-layout-column\"><div class=\"fusion-title title fusion-title-1 fusion-sep-none fusion-title-text fusion-title-size-one\"><h1 class=\"fusion-title-heading title-heading-left\" style=\"margin:0;\"><p style=\"text-align: center;\">Univerza na Primorskem<\/p><\/h1><\/div><\/div><\/div><\/div><\/div><div class=\"fusion-fullwidth fullwidth-box fusion-builder-row-2 fusion-flex-container nonhundred-percent-fullwidth non-hundred-percent-height-scrolling\" style=\"--awb-border-radius-top-left:0px;--awb-border-radius-top-right:0px;--awb-border-radius-bottom-right:0px;--awb-border-radius-bottom-left:0px;--awb-padding-top:1.5vw;--awb-padding-right:5vw;--awb-padding-bottom:1.5vw;--awb-padding-left:5vw;--awb-padding-top-medium:0px;--awb-padding-bottom-medium:0px;--awb-margin-bottom:80px;--awb-margin-bottom-medium:60px;--awb-margin-bottom-small:48px;--awb-flex-wrap:wrap;\" ><div class=\"fusion-builder-row fusion-row fusion-flex-align-items-flex-end fusion-flex-content-wrap\" style=\"max-width:1310.4px;margin-left: calc(-4% \/ 2 );margin-right: calc(-4% \/ 2 );\"><div class=\"fusion-layout-column fusion_builder_column fusion-builder-column-1 fusion_builder_column_2_5 2_5 fusion-flex-column fusion-animated\" style=\"--awb-bg-size:cover;--awb-width-large:40%;--awb-margin-top-large:0px;--awb-spacing-right-large:4.8%;--awb-margin-bottom-large:0px;--awb-spacing-left-large:4.8%;--awb-width-medium:50%;--awb-order-medium:0;--awb-spacing-right-medium:3.84%;--awb-spacing-left-medium:3.84%;--awb-width-small:100%;--awb-order-small:0;--awb-spacing-right-small:1.92%;--awb-margin-bottom-small:20px;--awb-spacing-left-small:1.92%;\" data-animationType=\"fadeInDown\" data-animationDuration=\"1.3\" data-animationOffset=\"top-into-view\"><div class=\"fusion-column-wrapper fusion-column-has-shadow fusion-flex-justify-content-center fusion-content-layout-column\"><div class=\"fusion-title title fusion-title-2 fusion-no-small-visibility fusion-no-medium-visibility fusion-sep-none fusion-title-text fusion-title-size-one\"><h1 class=\"fusion-title-heading title-heading-left\" style=\"margin:0;\"><a href=\"uma.es\" class=\"awb-custom-text-color awb-custom-text-hover-color\" target=\"_self\"><img decoding=\"async\" class=\"lazyload alignnone size-medium wp-image-2371\" src=\"https:\/\/www.ftdche.eu\/wp-content\/uploads\/2023\/01\/UP_FAMNIT_logo-300x172.png\" data-orig-src=\"https:\/\/www.ftdche.eu\/wp-content\/uploads\/2023\/01\/UP_FAMNIT_logo-300x172.png\" alt=\"\" width=\"300\" height=\"172\" srcset=\"data:image\/svg+xml,%3Csvg%20xmlns%3D%27http%3A%2F%2Fwww.w3.org%2F2000%2Fsvg%27%20width%3D%27300%27%20height%3D%27172%27%20viewBox%3D%270%200%20300%20172%27%3E%3Crect%20width%3D%27300%27%20height%3D%27172%27%20fill-opacity%3D%220%22%2F%3E%3C%2Fsvg%3E\" data-srcset=\"https:\/\/www.ftdche.eu\/wp-content\/uploads\/2023\/01\/UP_FAMNIT_logo-200x115.png 200w, https:\/\/www.ftdche.eu\/wp-content\/uploads\/2023\/01\/UP_FAMNIT_logo-300x172.png 300w, https:\/\/www.ftdche.eu\/wp-content\/uploads\/2023\/01\/UP_FAMNIT_logo-400x230.png 400w, https:\/\/www.ftdche.eu\/wp-content\/uploads\/2023\/01\/UP_FAMNIT_logo-600x345.png 600w, https:\/\/www.ftdche.eu\/wp-content\/uploads\/2023\/01\/UP_FAMNIT_logo-768x441.png 768w, https:\/\/www.ftdche.eu\/wp-content\/uploads\/2023\/01\/UP_FAMNIT_logo-800x460.png 800w, https:\/\/www.ftdche.eu\/wp-content\/uploads\/2023\/01\/UP_FAMNIT_logo.png 870w\" data-sizes=\"auto\" data-orig-sizes=\"(max-width: 300px) 100vw, 300px\" \/><\/a><\/h1><\/div><div class=\"fusion-title title fusion-title-3 fusion-sep-none fusion-title-text fusion-title-size-one\" style=\"--awb-font-size:50px;\"><h1 class=\"fusion-title-heading title-heading-left\" style=\"margin:0;font-size:1em;\"><a href=\"https:\/\/www.famnit.upr.si\/en\" class=\"awb-custom-text-color awb-custom-text-hover-color\" target=\"_self\"><img decoding=\"async\" class=\"lazyload alignnone wp-image-2365 aligncenter\" src=\"https:\/\/www.ftdche.eu\/wp-content\/uploads\/2023\/01\/UP-300x200.jpg\" data-orig-src=\"https:\/\/www.ftdche.eu\/wp-content\/uploads\/2023\/01\/UP-300x200.jpg\" alt=\"\" width=\"476\" height=\"317\" srcset=\"data:image\/svg+xml,%3Csvg%20xmlns%3D%27http%3A%2F%2Fwww.w3.org%2F2000%2Fsvg%27%20width%3D%27476%27%20height%3D%27317%27%20viewBox%3D%270%200%20476%20317%27%3E%3Crect%20width%3D%27476%27%20height%3D%27317%27%20fill-opacity%3D%220%22%2F%3E%3C%2Fsvg%3E\" data-srcset=\"https:\/\/www.ftdche.eu\/wp-content\/uploads\/2023\/01\/UP-200x133.jpg 200w, https:\/\/www.ftdche.eu\/wp-content\/uploads\/2023\/01\/UP-300x200.jpg 300w, https:\/\/www.ftdche.eu\/wp-content\/uploads\/2023\/01\/UP-400x267.jpg 400w, https:\/\/www.ftdche.eu\/wp-content\/uploads\/2023\/01\/UP-600x400.jpg 600w, https:\/\/www.ftdche.eu\/wp-content\/uploads\/2023\/01\/UP-768x512.jpg 768w, https:\/\/www.ftdche.eu\/wp-content\/uploads\/2023\/01\/UP-800x533.jpg 800w, https:\/\/www.ftdche.eu\/wp-content\/uploads\/2023\/01\/UP-1024x682.jpg 1024w, https:\/\/www.ftdche.eu\/wp-content\/uploads\/2023\/01\/UP-1200x800.jpg 1200w, https:\/\/www.ftdche.eu\/wp-content\/uploads\/2023\/01\/UP.jpg 1250w\" data-sizes=\"auto\" data-orig-sizes=\"(max-width: 476px) 100vw, 476px\" \/><\/a><\/h1><\/div><\/div><\/div><div class=\"fusion-layout-column fusion_builder_column fusion-builder-column-2 fusion_builder_column_3_5 3_5 fusion-flex-column fusion-animated\" style=\"--awb-bg-size:cover;--awb-width-large:60%;--awb-margin-top-large:0px;--awb-spacing-right-large:3.2%;--awb-margin-bottom-large:0px;--awb-spacing-left-large:3.2%;--awb-width-medium:50%;--awb-order-medium:0;--awb-spacing-right-medium:3.84%;--awb-spacing-left-medium:3.84%;--awb-width-small:100%;--awb-order-small:0;--awb-spacing-right-small:1.92%;--awb-spacing-left-small:1.92%;\" data-animationType=\"fadeInDown\" data-animationDuration=\"1.3\" data-animationOffset=\"top-into-view\"><div class=\"fusion-column-wrapper fusion-column-has-shadow fusion-flex-justify-content-center fusion-content-layout-column\"><div class=\"fusion-text fusion-text-1\" style=\"--awb-font-size:20px;\"><p>Univerza na Primorskem je mlada in \u017eivahna institucija, sposobna prilagajanja in aktivnega vklju\u010devanja v okolje, ki postaja vse bolj odprto za eksperimentiranje in inovacije. S svojim delovanjem nenehno i\u0161\u010de nove mo\u017enosti sodelovanja in delovanja v podjetni\u0161kih procesih. Z znanstveno odli\u010dnostjo in ugodno lego na jadranski obali si Univerza na Primorskem prizadeva pritegniti vrhunske talente in zgraditi raziskovalno okolje, v katerem lahko drzne nove ideje pre\u017eivijo, dozorijo in uresni\u010dijo svoj polni potencial.<\/p>\n<p>Trenutno je na univerzi vpisanih okoli \u0161est tiso\u010d \u0161tudentov, od tega 20 % iz tujine. V zadnjih letih je univerza sodelovala v ve\u010d projektih Erasmus+, namenjenih pou\u010devanju digitalnih ve\u0161\u010din, s poudarkom na tehnikah podatkovnega rudarjenja in strojnega u\u010denja. Univerza si dejavno prizadeva pou\u010devati pre\u010dne digitalne spretnosti in ponujati prakti\u010dno usposabljanje, da bi izbolj\u0161ala mo\u017enosti \u0161tudentov v sodobni digitalni dobi.<\/p>\n<\/div><\/div><\/div><\/div><\/div><\/p>\n","protected":false},"excerpt":{"rendered":"","protected":false},"author":2,"featured_media":0,"parent":2951,"menu_order":0,"comment_status":"closed","ping_status":"closed","template":"100-width.php","meta":{"inline_featured_image":false,"footnotes":""},"class_list":["post-2939","page","type-page","status-publish","hentry"],"yoast_head":"<!-- This site is optimized with the Yoast SEO plugin v25.8 - https:\/\/yoast.com\/wordpress\/plugins\/seo\/ -->\n<title>UPR - FTDCHE \/ Sollertia<\/title>\n<meta name=\"robots\" content=\"index, follow, max-snippet:-1, max-image-preview:large, max-video-preview:-1\" \/>\n<link rel=\"canonical\" href=\"https:\/\/www.ftdche.eu\/sl\/partnerji\/upr\/\" \/>\n<meta property=\"og:locale\" content=\"sl_SI\" \/>\n<meta property=\"og:type\" content=\"article\" \/>\n<meta property=\"og:title\" content=\"UPR - FTDCHE \/ Sollertia\" \/>\n<meta property=\"og:url\" content=\"https:\/\/www.ftdche.eu\/sl\/partnerji\/upr\/\" \/>\n<meta property=\"og:site_name\" content=\"FTDCHE \/ Sollertia\" \/>\n<meta property=\"article:modified_time\" content=\"2023-06-27T09:45:07+00:00\" \/>\n<meta property=\"og:image\" content=\"https:\/\/www.ftdche.eu\/wp-content\/uploads\/2023\/01\/UP_FAMNIT_logo-300x172.png\" \/>\n<meta name=\"twitter:card\" content=\"summary_large_image\" \/>\n<meta name=\"twitter:label1\" content=\"Est. reading time\" \/>\n\t<meta name=\"twitter:data1\" content=\"7 minut\" \/>\n<script type=\"application\/ld+json\" class=\"yoast-schema-graph\">{\"@context\":\"https:\/\/schema.org\",\"@graph\":[{\"@type\":\"WebPage\",\"@id\":\"https:\/\/www.ftdche.eu\/sl\/partnerji\/upr\/\",\"url\":\"https:\/\/www.ftdche.eu\/sl\/partnerji\/upr\/\",\"name\":\"UPR - FTDCHE \/ Sollertia\",\"isPartOf\":{\"@id\":\"https:\/\/www.ftdche.eu\/#website\"},\"primaryImageOfPage\":{\"@id\":\"https:\/\/www.ftdche.eu\/sl\/partnerji\/upr\/#primaryimage\"},\"image\":{\"@id\":\"https:\/\/www.ftdche.eu\/sl\/partnerji\/upr\/#primaryimage\"},\"thumbnailUrl\":\"https:\/\/www.ftdche.eu\/wp-content\/uploads\/2023\/01\/UP_FAMNIT_logo-300x172.png\",\"datePublished\":\"2023-01-25T18:35:55+00:00\",\"dateModified\":\"2023-06-27T09:45:07+00:00\",\"breadcrumb\":{\"@id\":\"https:\/\/www.ftdche.eu\/sl\/partnerji\/upr\/#breadcrumb\"},\"inLanguage\":\"sl-SI\",\"potentialAction\":[{\"@type\":\"ReadAction\",\"target\":[\"https:\/\/www.ftdche.eu\/sl\/partnerji\/upr\/\"]}]},{\"@type\":\"ImageObject\",\"inLanguage\":\"sl-SI\",\"@id\":\"https:\/\/www.ftdche.eu\/sl\/partnerji\/upr\/#primaryimage\",\"url\":\"https:\/\/www.ftdche.eu\/wp-content\/uploads\/2023\/01\/UP_FAMNIT_logo-300x172.png\",\"contentUrl\":\"https:\/\/www.ftdche.eu\/wp-content\/uploads\/2023\/01\/UP_FAMNIT_logo-300x172.png\"},{\"@type\":\"BreadcrumbList\",\"@id\":\"https:\/\/www.ftdche.eu\/sl\/partnerji\/upr\/#breadcrumb\",\"itemListElement\":[{\"@type\":\"ListItem\",\"position\":1,\"name\":\"Home\",\"item\":\"https:\/\/www.ftdche.eu\/sl\/zacetna-stran-sollertia\/\"},{\"@type\":\"ListItem\",\"position\":2,\"name\":\"Partnerji\",\"item\":\"https:\/\/www.ftdche.eu\/sl\/partnerji\/\"},{\"@type\":\"ListItem\",\"position\":3,\"name\":\"UPR\"}]},{\"@type\":\"WebSite\",\"@id\":\"https:\/\/www.ftdche.eu\/#website\",\"url\":\"https:\/\/www.ftdche.eu\/\",\"name\":\"FTDCHE \/ Sollertia\",\"description\":\"Fostering Transversal Digital Competences Higher Education\",\"publisher\":{\"@id\":\"https:\/\/www.ftdche.eu\/#organization\"},\"potentialAction\":[{\"@type\":\"SearchAction\",\"target\":{\"@type\":\"EntryPoint\",\"urlTemplate\":\"https:\/\/www.ftdche.eu\/?s={search_term_string}\"},\"query-input\":{\"@type\":\"PropertyValueSpecification\",\"valueRequired\":true,\"valueName\":\"search_term_string\"}}],\"inLanguage\":\"sl-SI\"},{\"@type\":\"Organization\",\"@id\":\"https:\/\/www.ftdche.eu\/#organization\",\"name\":\"FTDCHE \/ Sollertia\",\"url\":\"https:\/\/www.ftdche.eu\/\",\"logo\":{\"@type\":\"ImageObject\",\"inLanguage\":\"sl-SI\",\"@id\":\"https:\/\/www.ftdche.eu\/#\/schema\/logo\/image\/\",\"url\":\"https:\/\/www.ftdche.eu\/wp-content\/uploads\/2023\/01\/cropped-Sollertia_icon.png\",\"contentUrl\":\"https:\/\/www.ftdche.eu\/wp-content\/uploads\/2023\/01\/cropped-Sollertia_icon.png\",\"width\":512,\"height\":512,\"caption\":\"FTDCHE \/ Sollertia\"},\"image\":{\"@id\":\"https:\/\/www.ftdche.eu\/#\/schema\/logo\/image\/\"}}]}<\/script>\n<!-- \/ Yoast SEO plugin. -->","yoast_head_json":{"title":"UPR - FTDCHE \/ Sollertia","robots":{"index":"index","follow":"follow","max-snippet":"max-snippet:-1","max-image-preview":"max-image-preview:large","max-video-preview":"max-video-preview:-1"},"canonical":"https:\/\/www.ftdche.eu\/sl\/partnerji\/upr\/","og_locale":"sl_SI","og_type":"article","og_title":"UPR - FTDCHE \/ Sollertia","og_url":"https:\/\/www.ftdche.eu\/sl\/partnerji\/upr\/","og_site_name":"FTDCHE \/ Sollertia","article_modified_time":"2023-06-27T09:45:07+00:00","og_image":[{"url":"https:\/\/www.ftdche.eu\/wp-content\/uploads\/2023\/01\/UP_FAMNIT_logo-300x172.png","type":"","width":"","height":""}],"twitter_card":"summary_large_image","twitter_misc":{"Est. reading time":"7 minut"},"schema":{"@context":"https:\/\/schema.org","@graph":[{"@type":"WebPage","@id":"https:\/\/www.ftdche.eu\/sl\/partnerji\/upr\/","url":"https:\/\/www.ftdche.eu\/sl\/partnerji\/upr\/","name":"UPR - FTDCHE \/ Sollertia","isPartOf":{"@id":"https:\/\/www.ftdche.eu\/#website"},"primaryImageOfPage":{"@id":"https:\/\/www.ftdche.eu\/sl\/partnerji\/upr\/#primaryimage"},"image":{"@id":"https:\/\/www.ftdche.eu\/sl\/partnerji\/upr\/#primaryimage"},"thumbnailUrl":"https:\/\/www.ftdche.eu\/wp-content\/uploads\/2023\/01\/UP_FAMNIT_logo-300x172.png","datePublished":"2023-01-25T18:35:55+00:00","dateModified":"2023-06-27T09:45:07+00:00","breadcrumb":{"@id":"https:\/\/www.ftdche.eu\/sl\/partnerji\/upr\/#breadcrumb"},"inLanguage":"sl-SI","potentialAction":[{"@type":"ReadAction","target":["https:\/\/www.ftdche.eu\/sl\/partnerji\/upr\/"]}]},{"@type":"ImageObject","inLanguage":"sl-SI","@id":"https:\/\/www.ftdche.eu\/sl\/partnerji\/upr\/#primaryimage","url":"https:\/\/www.ftdche.eu\/wp-content\/uploads\/2023\/01\/UP_FAMNIT_logo-300x172.png","contentUrl":"https:\/\/www.ftdche.eu\/wp-content\/uploads\/2023\/01\/UP_FAMNIT_logo-300x172.png"},{"@type":"BreadcrumbList","@id":"https:\/\/www.ftdche.eu\/sl\/partnerji\/upr\/#breadcrumb","itemListElement":[{"@type":"ListItem","position":1,"name":"Home","item":"https:\/\/www.ftdche.eu\/sl\/zacetna-stran-sollertia\/"},{"@type":"ListItem","position":2,"name":"Partnerji","item":"https:\/\/www.ftdche.eu\/sl\/partnerji\/"},{"@type":"ListItem","position":3,"name":"UPR"}]},{"@type":"WebSite","@id":"https:\/\/www.ftdche.eu\/#website","url":"https:\/\/www.ftdche.eu\/","name":"FTDCHE \/ Sollertia","description":"Fostering Transversal Digital Competences Higher Education","publisher":{"@id":"https:\/\/www.ftdche.eu\/#organization"},"potentialAction":[{"@type":"SearchAction","target":{"@type":"EntryPoint","urlTemplate":"https:\/\/www.ftdche.eu\/?s={search_term_string}"},"query-input":{"@type":"PropertyValueSpecification","valueRequired":true,"valueName":"search_term_string"}}],"inLanguage":"sl-SI"},{"@type":"Organization","@id":"https:\/\/www.ftdche.eu\/#organization","name":"FTDCHE \/ Sollertia","url":"https:\/\/www.ftdche.eu\/","logo":{"@type":"ImageObject","inLanguage":"sl-SI","@id":"https:\/\/www.ftdche.eu\/#\/schema\/logo\/image\/","url":"https:\/\/www.ftdche.eu\/wp-content\/uploads\/2023\/01\/cropped-Sollertia_icon.png","contentUrl":"https:\/\/www.ftdche.eu\/wp-content\/uploads\/2023\/01\/cropped-Sollertia_icon.png","width":512,"height":512,"caption":"FTDCHE \/ Sollertia"},"image":{"@id":"https:\/\/www.ftdche.eu\/#\/schema\/logo\/image\/"}}]}},"_links":{"self":[{"href":"https:\/\/www.ftdche.eu\/sl\/wp-json\/wp\/v2\/pages\/2939","targetHints":{"allow":["GET"]}}],"collection":[{"href":"https:\/\/www.ftdche.eu\/sl\/wp-json\/wp\/v2\/pages"}],"about":[{"href":"https:\/\/www.ftdche.eu\/sl\/wp-json\/wp\/v2\/types\/page"}],"author":[{"embeddable":true,"href":"https:\/\/www.ftdche.eu\/sl\/wp-json\/wp\/v2\/users\/2"}],"replies":[{"embeddable":true,"href":"https:\/\/www.ftdche.eu\/sl\/wp-json\/wp\/v2\/comments?post=2939"}],"version-history":[{"count":14,"href":"https:\/\/www.ftdche.eu\/sl\/wp-json\/wp\/v2\/pages\/2939\/revisions"}],"predecessor-version":[{"id":3504,"href":"https:\/\/www.ftdche.eu\/sl\/wp-json\/wp\/v2\/pages\/2939\/revisions\/3504"}],"up":[{"embeddable":true,"href":"https:\/\/www.ftdche.eu\/sl\/wp-json\/wp\/v2\/pages\/2951"}],"wp:attachment":[{"href":"https:\/\/www.ftdche.eu\/sl\/wp-json\/wp\/v2\/media?parent=2939"}],"curies":[{"name":"wp","href":"https:\/\/api.w.org\/{rel}","templated":true}]}}