{"id":3061,"date":"2023-01-25T18:26:32","date_gmt":"2023-01-25T18:26:32","guid":{"rendered":"https:\/\/www.ftdche.eu\/partneriai\/upb\/"},"modified":"2023-06-20T10:35:26","modified_gmt":"2023-06-20T10:35:26","slug":"upb","status":"publish","type":"page","link":"https:\/\/www.ftdche.eu\/lt\/partneriai\/upb\/","title":{"rendered":"UPB"},"content":{"rendered":"<p><div class=\"fusion-fullwidth fullwidth-box fusion-builder-row-1 fusion-flex-container has-pattern-background has-mask-background nonhundred-percent-fullwidth non-hundred-percent-height-scrolling\" style=\"--awb-border-radius-top-left:0px;--awb-border-radius-top-right:0px;--awb-border-radius-bottom-right:0px;--awb-border-radius-bottom-left:0px;--awb-flex-wrap:wrap;\" ><div class=\"fusion-builder-row fusion-row fusion-flex-align-items-flex-start fusion-flex-content-wrap\" style=\"max-width:1310.4px;margin-left: calc(-4% \/ 2 );margin-right: calc(-4% \/ 2 );\"><div class=\"fusion-layout-column fusion_builder_column fusion-builder-column-0 fusion_builder_column_1_1 1_1 fusion-flex-column\" style=\"--awb-bg-size:cover;--awb-width-large:100%;--awb-margin-top-large:0px;--awb-spacing-right-large:1.92%;--awb-margin-bottom-large:20px;--awb-spacing-left-large:1.92%;--awb-width-medium:100%;--awb-order-medium:0;--awb-spacing-right-medium:1.92%;--awb-spacing-left-medium:1.92%;--awb-width-small:100%;--awb-order-small:0;--awb-spacing-right-small:1.92%;--awb-spacing-left-small:1.92%;\"><div class=\"fusion-column-wrapper fusion-column-has-shadow fusion-flex-justify-content-flex-start fusion-content-layout-column\"><div class=\"fusion-title title fusion-title-1 fusion-sep-none fusion-title-center fusion-title-text fusion-title-size-one\"><h1 class=\"fusion-title-heading title-heading-center\" style=\"margin:0;\">Bukare\u0161to politechnikos universitetas<\/h1><\/div><\/div><\/div><\/div><\/div><div class=\"fusion-fullwidth fullwidth-box fusion-builder-row-2 fusion-flex-container has-pattern-background has-mask-background nonhundred-percent-fullwidth non-hundred-percent-height-scrolling\" style=\"--awb-border-radius-top-left:0px;--awb-border-radius-top-right:0px;--awb-border-radius-bottom-right:0px;--awb-border-radius-bottom-left:0px;--awb-padding-top:1.5vw;--awb-padding-right:5vw;--awb-padding-bottom:1.5vw;--awb-padding-left:5vw;--awb-padding-top-medium:0px;--awb-padding-bottom-medium:0px;--awb-margin-bottom:80px;--awb-margin-bottom-medium:60px;--awb-margin-bottom-small:48px;--awb-flex-wrap:wrap;\" ><div class=\"fusion-builder-row fusion-row fusion-flex-align-items-flex-start fusion-flex-content-wrap\" style=\"max-width:1310.4px;margin-left: calc(-4% \/ 2 );margin-right: calc(-4% \/ 2 );\"><div class=\"fusion-layout-column fusion_builder_column fusion-builder-column-1 fusion_builder_column_2_5 2_5 fusion-flex-column fusion-animated\" style=\"--awb-bg-size:cover;--awb-width-large:40%;--awb-margin-top-large:0px;--awb-spacing-right-large:4.8%;--awb-margin-bottom-large:0px;--awb-spacing-left-large:4.8%;--awb-width-medium:50%;--awb-order-medium:0;--awb-spacing-right-medium:3.84%;--awb-spacing-left-medium:3.84%;--awb-width-small:100%;--awb-order-small:0;--awb-spacing-right-small:1.92%;--awb-margin-bottom-small:20px;--awb-spacing-left-small:1.92%;\" data-animationType=\"fadeInDown\" data-animationDuration=\"1.3\" data-animationOffset=\"top-into-view\"><div class=\"fusion-column-wrapper fusion-column-has-shadow fusion-flex-justify-content-center fusion-content-layout-column\"><div class=\"fusion-title title fusion-title-2 fusion-no-small-visibility fusion-no-medium-visibility fusion-sep-none fusion-title-text fusion-title-size-one\"><h1 class=\"fusion-title-heading title-heading-left\" style=\"margin:0;\"><a href=\"uma.es\" class=\"awb-custom-text-color awb-custom-text-hover-color\" target=\"_self\"><img decoding=\"async\" class=\"lazyload alignnone size-full wp-image-2349\" src=\"https:\/\/www.ftdche.eu\/wp-content\/uploads\/2023\/01\/UPB.png\" data-orig-src=\"https:\/\/www.ftdche.eu\/wp-content\/uploads\/2023\/01\/UPB.png\" alt=\"\" width=\"210\" height=\"210\" srcset=\"data:image\/svg+xml,%3Csvg%20xmlns%3D%27http%3A%2F%2Fwww.w3.org%2F2000%2Fsvg%27%20width%3D%27210%27%20height%3D%27210%27%20viewBox%3D%270%200%20210%20210%27%3E%3Crect%20width%3D%27210%27%20height%3D%27210%27%20fill-opacity%3D%220%22%2F%3E%3C%2Fsvg%3E\" data-srcset=\"https:\/\/www.ftdche.eu\/wp-content\/uploads\/2023\/01\/UPB-66x66.png 66w, https:\/\/www.ftdche.eu\/wp-content\/uploads\/2023\/01\/UPB-150x150.png 150w, https:\/\/www.ftdche.eu\/wp-content\/uploads\/2023\/01\/UPB-200x200.png 200w, https:\/\/www.ftdche.eu\/wp-content\/uploads\/2023\/01\/UPB.png 210w\" data-sizes=\"auto\" data-orig-sizes=\"(max-width: 210px) 100vw, 210px\" \/><\/a><\/h1><\/div><div class=\"fusion-title title fusion-title-3 fusion-sep-none fusion-title-text fusion-title-size-one\" style=\"--awb-font-size:50px;\"><h1 class=\"fusion-title-heading title-heading-left\" style=\"margin:0;font-size:1em;\"><a href=\"https:\/\/upb.ro\/en\/\" class=\"awb-custom-text-color awb-custom-text-hover-color\" target=\"_self\"><img decoding=\"async\" class=\"lazyload wp-image-2355 aligncenter\" src=\"https:\/\/www.ftdche.eu\/wp-content\/uploads\/2023\/01\/img_UPB-300x209.png\" data-orig-src=\"https:\/\/www.ftdche.eu\/wp-content\/uploads\/2023\/01\/img_UPB-300x209.png\" alt=\"\" width=\"472\" height=\"329\" srcset=\"data:image\/svg+xml,%3Csvg%20xmlns%3D%27http%3A%2F%2Fwww.w3.org%2F2000%2Fsvg%27%20width%3D%27472%27%20height%3D%27329%27%20viewBox%3D%270%200%20472%20329%27%3E%3Crect%20width%3D%27472%27%20height%3D%27329%27%20fill-opacity%3D%220%22%2F%3E%3C%2Fsvg%3E\" data-srcset=\"https:\/\/www.ftdche.eu\/wp-content\/uploads\/2023\/01\/img_UPB-200x139.png 200w, https:\/\/www.ftdche.eu\/wp-content\/uploads\/2023\/01\/img_UPB-300x209.png 300w, https:\/\/www.ftdche.eu\/wp-content\/uploads\/2023\/01\/img_UPB-400x278.png 400w, https:\/\/www.ftdche.eu\/wp-content\/uploads\/2023\/01\/img_UPB.png 599w\" data-sizes=\"auto\" data-orig-sizes=\"(max-width: 472px) 100vw, 472px\" \/><\/a><\/h1><\/div><\/div><\/div><div class=\"fusion-layout-column fusion_builder_column fusion-builder-column-2 fusion_builder_column_3_5 3_5 fusion-flex-column fusion-animated\" style=\"--awb-bg-size:cover;--awb-width-large:60%;--awb-margin-top-large:0px;--awb-spacing-right-large:3.2%;--awb-margin-bottom-large:0px;--awb-spacing-left-large:3.2%;--awb-width-medium:50%;--awb-order-medium:0;--awb-spacing-right-medium:3.84%;--awb-spacing-left-medium:3.84%;--awb-width-small:100%;--awb-order-small:0;--awb-spacing-right-small:1.92%;--awb-spacing-left-small:1.92%;\" data-animationType=\"fadeInDown\" data-animationDuration=\"1.3\" data-animationOffset=\"top-into-view\"><div class=\"fusion-column-wrapper fusion-column-has-shadow fusion-flex-justify-content-center fusion-content-layout-column\"><div class=\"fusion-text fusion-text-1\" style=\"--awb-font-size:20px;\"><p>Bukare\u0161to politechnikos universitetas (UPB), savo veikl\u0105 prad\u0117jo 1818 m., b\u016bdama seniausia in\u017einerijos mokykla Rumunijoje. UPB tikslas yra parengti techninius specialistus, galin\u010dius pritaikyti savo technines, mokslines ir kult\u016brines \u017einias remiant technologin\u0119 ir ekonomin\u0119 pa\u017eang\u0105 \u012fvairiose srityse, tokiose kaip IT, automatika, elektrotechnika, med\u017eiag\u0173 in\u017einerija ir kt. Bukare\u0161to Politehnica universiteto tikslas yra sukurti aplink\u0105, kurioje \u0161vietimas, moksliniai tyrimai ir inovacijos susimai\u0161yt\u0173, kad b\u016bt\u0173 remiama besivystanti visuomen\u0117 ir ekonomika. UPB skatina \u0161iuolaikinius \u0161vietimo metodus, pritaikytus Europos ir tarptautiniams poreikiams, rengiant in\u017einierius, galin\u010dius prisitaikyti prie nauj\u0173 technologij\u0173 nuolat besikei\u010dian\u010dioje visuomen\u0117je ir ekonomikoje. UPB absolventai raginami sutelkti savo darb\u0105 \u012f tvarios ir nuolat tobul\u0117jan\u010dios visuomen\u0117s k\u016brim\u0105. Bukare\u0161to politechnikos universitet\u0105 sudaro daugiau nei 25000 student\u0173 ir daugiau nei 1650 akademinio personalo. \u0160ie skai\u010diai yra padalinti tarp 15 universiteto fakultet\u0173. Fakultetai yra suskirstyti \u012f 57 skyrius, kuriuose veikia 38 tyrim\u0173 centrai, 6 tarpdisciplinin\u0117s mokslini\u0173 tyrim\u0173-mokymo platformos ir 9 vartotoj\u0173 tyrim\u0173 duomen\u0173 baz\u0117s (MURD).<\/p>\n<p>UPB, kaip auk\u0161tojo mokslo institucija, skiria specifin\u012f \u0161vietimo ir tyrim\u0173 d\u0117mes\u012f duomen\u0173 mokslo, dirbtinio intelekto ir virtualios realyb\u0117s temoms. Personalo patirtis suteikia didel\u0119 vert\u0119 \u0161iam projektui, kuriame pagrindinis d\u0117mesys skiriamas novatori\u0161kos mokomosios med\u017eiagos k\u016brimui. \u0160i institucija rengia b\u016bsimus in\u017einierius, kurie bendraus su besiformuojan\u010diomis duomen\u0173 mokslo, dirbtinio intelekto ir virtualiosios realyb\u0117s technologijomis tyrim\u0173 temomis ar u\u017eimtumu. UPB taip pat turi didel\u0119 patirt\u012f kuriant internetinius bendradarbiavimo mokymosi sprendimus, orientuotus \u012f technin\u012f i\u0161silavinim\u0105. \u0160i internetini\u0173 \u0161vietimo bendruomeni\u0173 k\u016brimo patirtis, paremta \u012fvairiais internetiniais ir neprisijungus vykstan\u010diais renginiais ir apdovanojimais, bus panaudota kuriant tvari\u0105, aktyvi\u0105 internetin\u0119 mokymosi bendruomen\u0119, kuri savo dalyviams kuria verting\u0105 patirt\u012f ir reputacij\u0105. Automatinio valdymo ir kompiuteri\u0173 moksl\u0173 fakultetas taip pat turi nema\u017e\u0105 praktin\u0119 patirt\u012f, taip pat mokslini\u0173 publikacij\u0173 apie skaitmeninius \u017eenklelius ir \u017eaidimus, padedan\u010dius auk\u0161\u010diausio lygio projektuojant ir pl\u0117tojant si\u016blomos internetin\u0117s bendruomen\u0117s naudotoj\u0173 \u012ftraukim\u0105 ir reputacij\u0105.<\/p>\n<\/div><\/div><\/div><\/div><\/div><\/p>\n","protected":false},"excerpt":{"rendered":"","protected":false},"author":2,"featured_media":0,"parent":3046,"menu_order":0,"comment_status":"closed","ping_status":"closed","template":"100-width.php","meta":{"inline_featured_image":false,"footnotes":""},"class_list":["post-3061","page","type-page","status-publish","hentry"],"yoast_head":"<!-- This site is optimized with the Yoast SEO plugin v25.8 - https:\/\/yoast.com\/wordpress\/plugins\/seo\/ -->\n<title>UPB - FTDCHE \/ Sollertia<\/title>\n<meta name=\"robots\" content=\"index, follow, max-snippet:-1, max-image-preview:large, max-video-preview:-1\" \/>\n<link rel=\"canonical\" href=\"https:\/\/www.ftdche.eu\/lt\/partneriai\/upb\/\" \/>\n<meta property=\"og:locale\" content=\"lt_LT\" \/>\n<meta property=\"og:type\" content=\"article\" \/>\n<meta property=\"og:title\" content=\"UPB - FTDCHE \/ Sollertia\" \/>\n<meta property=\"og:url\" content=\"https:\/\/www.ftdche.eu\/lt\/partneriai\/upb\/\" \/>\n<meta property=\"og:site_name\" content=\"FTDCHE \/ Sollertia\" \/>\n<meta property=\"article:modified_time\" content=\"2023-06-20T10:35:26+00:00\" \/>\n<meta property=\"og:image\" content=\"https:\/\/www.ftdche.eu\/wp-content\/uploads\/2023\/01\/UPB.png\" \/>\n<meta name=\"twitter:card\" content=\"summary_large_image\" \/>\n<meta name=\"twitter:label1\" content=\"Est. reading time\" \/>\n\t<meta name=\"twitter:data1\" content=\"8 minut\u0117s\" \/>\n<script type=\"application\/ld+json\" class=\"yoast-schema-graph\">{\"@context\":\"https:\/\/schema.org\",\"@graph\":[{\"@type\":\"WebPage\",\"@id\":\"https:\/\/www.ftdche.eu\/lt\/partneriai\/upb\/\",\"url\":\"https:\/\/www.ftdche.eu\/lt\/partneriai\/upb\/\",\"name\":\"UPB - FTDCHE \/ Sollertia\",\"isPartOf\":{\"@id\":\"https:\/\/www.ftdche.eu\/#website\"},\"primaryImageOfPage\":{\"@id\":\"https:\/\/www.ftdche.eu\/lt\/partneriai\/upb\/#primaryimage\"},\"image\":{\"@id\":\"https:\/\/www.ftdche.eu\/lt\/partneriai\/upb\/#primaryimage\"},\"thumbnailUrl\":\"https:\/\/www.ftdche.eu\/wp-content\/uploads\/2023\/01\/UPB.png\",\"datePublished\":\"2023-01-25T18:26:32+00:00\",\"dateModified\":\"2023-06-20T10:35:26+00:00\",\"breadcrumb\":{\"@id\":\"https:\/\/www.ftdche.eu\/lt\/partneriai\/upb\/#breadcrumb\"},\"inLanguage\":\"lt-LT\",\"potentialAction\":[{\"@type\":\"ReadAction\",\"target\":[\"https:\/\/www.ftdche.eu\/lt\/partneriai\/upb\/\"]}]},{\"@type\":\"ImageObject\",\"inLanguage\":\"lt-LT\",\"@id\":\"https:\/\/www.ftdche.eu\/lt\/partneriai\/upb\/#primaryimage\",\"url\":\"https:\/\/www.ftdche.eu\/wp-content\/uploads\/2023\/01\/UPB.png\",\"contentUrl\":\"https:\/\/www.ftdche.eu\/wp-content\/uploads\/2023\/01\/UPB.png\"},{\"@type\":\"BreadcrumbList\",\"@id\":\"https:\/\/www.ftdche.eu\/lt\/partneriai\/upb\/#breadcrumb\",\"itemListElement\":[{\"@type\":\"ListItem\",\"position\":1,\"name\":\"Home\",\"item\":\"https:\/\/www.ftdche.eu\/lt\/\"},{\"@type\":\"ListItem\",\"position\":2,\"name\":\"Partneriai\",\"item\":\"https:\/\/www.ftdche.eu\/lt\/partneriai\/\"},{\"@type\":\"ListItem\",\"position\":3,\"name\":\"UPB\"}]},{\"@type\":\"WebSite\",\"@id\":\"https:\/\/www.ftdche.eu\/#website\",\"url\":\"https:\/\/www.ftdche.eu\/\",\"name\":\"FTDCHE \/ Sollertia\",\"description\":\"Fostering Transversal Digital Competences Higher Education\",\"publisher\":{\"@id\":\"https:\/\/www.ftdche.eu\/#organization\"},\"potentialAction\":[{\"@type\":\"SearchAction\",\"target\":{\"@type\":\"EntryPoint\",\"urlTemplate\":\"https:\/\/www.ftdche.eu\/?s={search_term_string}\"},\"query-input\":{\"@type\":\"PropertyValueSpecification\",\"valueRequired\":true,\"valueName\":\"search_term_string\"}}],\"inLanguage\":\"lt-LT\"},{\"@type\":\"Organization\",\"@id\":\"https:\/\/www.ftdche.eu\/#organization\",\"name\":\"FTDCHE \/ Sollertia\",\"url\":\"https:\/\/www.ftdche.eu\/\",\"logo\":{\"@type\":\"ImageObject\",\"inLanguage\":\"lt-LT\",\"@id\":\"https:\/\/www.ftdche.eu\/#\/schema\/logo\/image\/\",\"url\":\"https:\/\/www.ftdche.eu\/wp-content\/uploads\/2023\/01\/cropped-Sollertia_icon.png\",\"contentUrl\":\"https:\/\/www.ftdche.eu\/wp-content\/uploads\/2023\/01\/cropped-Sollertia_icon.png\",\"width\":512,\"height\":512,\"caption\":\"FTDCHE \/ Sollertia\"},\"image\":{\"@id\":\"https:\/\/www.ftdche.eu\/#\/schema\/logo\/image\/\"}}]}<\/script>\n<!-- \/ Yoast SEO plugin. -->","yoast_head_json":{"title":"UPB - FTDCHE \/ Sollertia","robots":{"index":"index","follow":"follow","max-snippet":"max-snippet:-1","max-image-preview":"max-image-preview:large","max-video-preview":"max-video-preview:-1"},"canonical":"https:\/\/www.ftdche.eu\/lt\/partneriai\/upb\/","og_locale":"lt_LT","og_type":"article","og_title":"UPB - FTDCHE \/ Sollertia","og_url":"https:\/\/www.ftdche.eu\/lt\/partneriai\/upb\/","og_site_name":"FTDCHE \/ Sollertia","article_modified_time":"2023-06-20T10:35:26+00:00","og_image":[{"url":"https:\/\/www.ftdche.eu\/wp-content\/uploads\/2023\/01\/UPB.png","type":"","width":"","height":""}],"twitter_card":"summary_large_image","twitter_misc":{"Est. reading time":"8 minut\u0117s"},"schema":{"@context":"https:\/\/schema.org","@graph":[{"@type":"WebPage","@id":"https:\/\/www.ftdche.eu\/lt\/partneriai\/upb\/","url":"https:\/\/www.ftdche.eu\/lt\/partneriai\/upb\/","name":"UPB - FTDCHE \/ Sollertia","isPartOf":{"@id":"https:\/\/www.ftdche.eu\/#website"},"primaryImageOfPage":{"@id":"https:\/\/www.ftdche.eu\/lt\/partneriai\/upb\/#primaryimage"},"image":{"@id":"https:\/\/www.ftdche.eu\/lt\/partneriai\/upb\/#primaryimage"},"thumbnailUrl":"https:\/\/www.ftdche.eu\/wp-content\/uploads\/2023\/01\/UPB.png","datePublished":"2023-01-25T18:26:32+00:00","dateModified":"2023-06-20T10:35:26+00:00","breadcrumb":{"@id":"https:\/\/www.ftdche.eu\/lt\/partneriai\/upb\/#breadcrumb"},"inLanguage":"lt-LT","potentialAction":[{"@type":"ReadAction","target":["https:\/\/www.ftdche.eu\/lt\/partneriai\/upb\/"]}]},{"@type":"ImageObject","inLanguage":"lt-LT","@id":"https:\/\/www.ftdche.eu\/lt\/partneriai\/upb\/#primaryimage","url":"https:\/\/www.ftdche.eu\/wp-content\/uploads\/2023\/01\/UPB.png","contentUrl":"https:\/\/www.ftdche.eu\/wp-content\/uploads\/2023\/01\/UPB.png"},{"@type":"BreadcrumbList","@id":"https:\/\/www.ftdche.eu\/lt\/partneriai\/upb\/#breadcrumb","itemListElement":[{"@type":"ListItem","position":1,"name":"Home","item":"https:\/\/www.ftdche.eu\/lt\/"},{"@type":"ListItem","position":2,"name":"Partneriai","item":"https:\/\/www.ftdche.eu\/lt\/partneriai\/"},{"@type":"ListItem","position":3,"name":"UPB"}]},{"@type":"WebSite","@id":"https:\/\/www.ftdche.eu\/#website","url":"https:\/\/www.ftdche.eu\/","name":"FTDCHE \/ Sollertia","description":"Fostering Transversal Digital Competences Higher Education","publisher":{"@id":"https:\/\/www.ftdche.eu\/#organization"},"potentialAction":[{"@type":"SearchAction","target":{"@type":"EntryPoint","urlTemplate":"https:\/\/www.ftdche.eu\/?s={search_term_string}"},"query-input":{"@type":"PropertyValueSpecification","valueRequired":true,"valueName":"search_term_string"}}],"inLanguage":"lt-LT"},{"@type":"Organization","@id":"https:\/\/www.ftdche.eu\/#organization","name":"FTDCHE \/ Sollertia","url":"https:\/\/www.ftdche.eu\/","logo":{"@type":"ImageObject","inLanguage":"lt-LT","@id":"https:\/\/www.ftdche.eu\/#\/schema\/logo\/image\/","url":"https:\/\/www.ftdche.eu\/wp-content\/uploads\/2023\/01\/cropped-Sollertia_icon.png","contentUrl":"https:\/\/www.ftdche.eu\/wp-content\/uploads\/2023\/01\/cropped-Sollertia_icon.png","width":512,"height":512,"caption":"FTDCHE \/ Sollertia"},"image":{"@id":"https:\/\/www.ftdche.eu\/#\/schema\/logo\/image\/"}}]}},"_links":{"self":[{"href":"https:\/\/www.ftdche.eu\/lt\/wp-json\/wp\/v2\/pages\/3061","targetHints":{"allow":["GET"]}}],"collection":[{"href":"https:\/\/www.ftdche.eu\/lt\/wp-json\/wp\/v2\/pages"}],"about":[{"href":"https:\/\/www.ftdche.eu\/lt\/wp-json\/wp\/v2\/types\/page"}],"author":[{"embeddable":true,"href":"https:\/\/www.ftdche.eu\/lt\/wp-json\/wp\/v2\/users\/2"}],"replies":[{"embeddable":true,"href":"https:\/\/www.ftdche.eu\/lt\/wp-json\/wp\/v2\/comments?post=3061"}],"version-history":[{"count":5,"href":"https:\/\/www.ftdche.eu\/lt\/wp-json\/wp\/v2\/pages\/3061\/revisions"}],"predecessor-version":[{"id":3336,"href":"https:\/\/www.ftdche.eu\/lt\/wp-json\/wp\/v2\/pages\/3061\/revisions\/3336"}],"up":[{"embeddable":true,"href":"https:\/\/www.ftdche.eu\/lt\/wp-json\/wp\/v2\/pages\/3046"}],"wp:attachment":[{"href":"https:\/\/www.ftdche.eu\/lt\/wp-json\/wp\/v2\/media?parent=3061"}],"curies":[{"name":"wp","href":"https:\/\/api.w.org\/{rel}","templated":true}]}}