{"id":3052,"date":"2023-01-25T18:41:02","date_gmt":"2023-01-25T18:41:02","guid":{"rendered":"https:\/\/www.ftdche.eu\/partneriai\/ucll\/"},"modified":"2023-06-20T10:27:32","modified_gmt":"2023-06-20T10:27:32","slug":"ucll","status":"publish","type":"page","link":"https:\/\/www.ftdche.eu\/lt\/partneriai\/ucll\/","title":{"rendered":"UCLL"},"content":{"rendered":"<p><div class=\"fusion-fullwidth fullwidth-box fusion-builder-row-1 fusion-flex-container has-pattern-background has-mask-background nonhundred-percent-fullwidth non-hundred-percent-height-scrolling\" style=\"--awb-border-radius-top-left:0px;--awb-border-radius-top-right:0px;--awb-border-radius-bottom-right:0px;--awb-border-radius-bottom-left:0px;--awb-flex-wrap:wrap;\" ><div class=\"fusion-builder-row fusion-row fusion-flex-align-items-flex-start fusion-flex-content-wrap\" style=\"max-width:1310.4px;margin-left: calc(-4% \/ 2 );margin-right: calc(-4% \/ 2 );\"><div class=\"fusion-layout-column fusion_builder_column fusion-builder-column-0 fusion_builder_column_1_1 1_1 fusion-flex-column\" style=\"--awb-bg-size:cover;--awb-width-large:100%;--awb-margin-top-large:0px;--awb-spacing-right-large:1.92%;--awb-margin-bottom-large:20px;--awb-spacing-left-large:1.92%;--awb-width-medium:100%;--awb-order-medium:0;--awb-spacing-right-medium:1.92%;--awb-spacing-left-medium:1.92%;--awb-width-small:100%;--awb-order-small:0;--awb-spacing-right-small:1.92%;--awb-spacing-left-small:1.92%;\"><div class=\"fusion-column-wrapper fusion-column-has-shadow fusion-flex-justify-content-flex-start fusion-content-layout-column\"><div class=\"fusion-title title fusion-title-1 fusion-sep-none fusion-title-text fusion-title-size-one\"><h1 class=\"fusion-title-heading title-heading-left\" style=\"margin:0;\"><p style=\"text-align: center;\">UCLL Taikom\u0173j\u0173 moksl\u0173 universitetas<\/p><\/h1><\/div><\/div><\/div><\/div><\/div><div class=\"fusion-fullwidth fullwidth-box fusion-builder-row-2 fusion-flex-container nonhundred-percent-fullwidth non-hundred-percent-height-scrolling\" style=\"--awb-border-radius-top-left:0px;--awb-border-radius-top-right:0px;--awb-border-radius-bottom-right:0px;--awb-border-radius-bottom-left:0px;--awb-padding-top:1.5vw;--awb-padding-right:5vw;--awb-padding-bottom:1.5vw;--awb-padding-left:5vw;--awb-padding-top-medium:0px;--awb-padding-bottom-medium:0px;--awb-margin-bottom:80px;--awb-margin-bottom-medium:60px;--awb-margin-bottom-small:48px;--awb-flex-wrap:wrap;\" ><div class=\"fusion-builder-row fusion-row fusion-flex-align-items-flex-end fusion-flex-content-wrap\" style=\"max-width:1310.4px;margin-left: calc(-4% \/ 2 );margin-right: calc(-4% \/ 2 );\"><div class=\"fusion-layout-column fusion_builder_column fusion-builder-column-1 fusion_builder_column_2_5 2_5 fusion-flex-column fusion-animated\" style=\"--awb-bg-size:cover;--awb-width-large:40%;--awb-margin-top-large:0px;--awb-spacing-right-large:4.8%;--awb-margin-bottom-large:0px;--awb-spacing-left-large:4.8%;--awb-width-medium:50%;--awb-order-medium:0;--awb-spacing-right-medium:3.84%;--awb-spacing-left-medium:3.84%;--awb-width-small:100%;--awb-order-small:0;--awb-spacing-right-small:1.92%;--awb-margin-bottom-small:20px;--awb-spacing-left-small:1.92%;\" data-animationType=\"fadeInDown\" data-animationDuration=\"1.3\" data-animationOffset=\"top-into-view\"><div class=\"fusion-column-wrapper fusion-column-has-shadow fusion-flex-justify-content-center fusion-content-layout-column\"><div class=\"fusion-title title fusion-title-2 fusion-no-small-visibility fusion-no-medium-visibility fusion-sep-none fusion-title-text fusion-title-size-one\"><h1 class=\"fusion-title-heading title-heading-left\" style=\"margin:0;\"><a href=\"uma.es\" class=\"awb-custom-text-color awb-custom-text-hover-color\" target=\"_self\"><img decoding=\"async\" class=\"lazyload alignnone size-medium wp-image-2392\" src=\"https:\/\/www.ftdche.eu\/wp-content\/uploads\/2023\/01\/UCLL_logo-researchenexpertise_RGB-300x73.png\" data-orig-src=\"https:\/\/www.ftdche.eu\/wp-content\/uploads\/2023\/01\/UCLL_logo-researchenexpertise_RGB-300x73.png\" alt=\"\" width=\"300\" height=\"73\" srcset=\"data:image\/svg+xml,%3Csvg%20xmlns%3D%27http%3A%2F%2Fwww.w3.org%2F2000%2Fsvg%27%20width%3D%27300%27%20height%3D%2773%27%20viewBox%3D%270%200%20300%2073%27%3E%3Crect%20width%3D%27300%27%20height%3D%2773%27%20fill-opacity%3D%220%22%2F%3E%3C%2Fsvg%3E\" data-srcset=\"https:\/\/www.ftdche.eu\/wp-content\/uploads\/2023\/01\/UCLL_logo-researchenexpertise_RGB-200x49.png 200w, https:\/\/www.ftdche.eu\/wp-content\/uploads\/2023\/01\/UCLL_logo-researchenexpertise_RGB-300x73.png 300w, https:\/\/www.ftdche.eu\/wp-content\/uploads\/2023\/01\/UCLL_logo-researchenexpertise_RGB-400x97.png 400w, https:\/\/www.ftdche.eu\/wp-content\/uploads\/2023\/01\/UCLL_logo-researchenexpertise_RGB.png 497w\" data-sizes=\"auto\" data-orig-sizes=\"(max-width: 300px) 100vw, 300px\" \/><\/a><\/h1><\/div><div class=\"fusion-title title fusion-title-3 fusion-sep-none fusion-title-text fusion-title-size-one\" style=\"--awb-font-size:50px;\"><h1 class=\"fusion-title-heading title-heading-left\" style=\"margin:0;font-size:1em;\"><a href=\"https:\/\/www.ucll.be\/en\" class=\"awb-custom-text-color awb-custom-text-hover-color\" target=\"_self\"><img decoding=\"async\" class=\"lazyload alignnone wp-image-2386 aligncenter\" src=\"https:\/\/www.ftdche.eu\/wp-content\/uploads\/2023\/01\/UCLL_nieuwbouw_1-300x200.jpeg\" data-orig-src=\"https:\/\/www.ftdche.eu\/wp-content\/uploads\/2023\/01\/UCLL_nieuwbouw_1-300x200.jpeg\" alt=\"\" width=\"485\" height=\"323\" srcset=\"data:image\/svg+xml,%3Csvg%20xmlns%3D%27http%3A%2F%2Fwww.w3.org%2F2000%2Fsvg%27%20width%3D%27485%27%20height%3D%27323%27%20viewBox%3D%270%200%20485%20323%27%3E%3Crect%20width%3D%27485%27%20height%3D%27323%27%20fill-opacity%3D%220%22%2F%3E%3C%2Fsvg%3E\" data-srcset=\"https:\/\/www.ftdche.eu\/wp-content\/uploads\/2023\/01\/UCLL_nieuwbouw_1-200x133.jpeg 200w, https:\/\/www.ftdche.eu\/wp-content\/uploads\/2023\/01\/UCLL_nieuwbouw_1-300x200.jpeg 300w, https:\/\/www.ftdche.eu\/wp-content\/uploads\/2023\/01\/UCLL_nieuwbouw_1-400x267.jpeg 400w, https:\/\/www.ftdche.eu\/wp-content\/uploads\/2023\/01\/UCLL_nieuwbouw_1-600x400.jpeg 600w, https:\/\/www.ftdche.eu\/wp-content\/uploads\/2023\/01\/UCLL_nieuwbouw_1-768x512.jpeg 768w, https:\/\/www.ftdche.eu\/wp-content\/uploads\/2023\/01\/UCLL_nieuwbouw_1-800x533.jpeg 800w, https:\/\/www.ftdche.eu\/wp-content\/uploads\/2023\/01\/UCLL_nieuwbouw_1-1024x683.jpeg 1024w, https:\/\/www.ftdche.eu\/wp-content\/uploads\/2023\/01\/UCLL_nieuwbouw_1-1200x800.jpeg 1200w, https:\/\/www.ftdche.eu\/wp-content\/uploads\/2023\/01\/UCLL_nieuwbouw_1-1536x1024.jpeg 1536w\" data-sizes=\"auto\" data-orig-sizes=\"(max-width: 485px) 100vw, 485px\" \/><\/a><\/h1><\/div><\/div><\/div><div class=\"fusion-layout-column fusion_builder_column fusion-builder-column-2 fusion_builder_column_3_5 3_5 fusion-flex-column fusion-animated\" style=\"--awb-bg-size:cover;--awb-width-large:60%;--awb-margin-top-large:0px;--awb-spacing-right-large:3.2%;--awb-margin-bottom-large:0px;--awb-spacing-left-large:3.2%;--awb-width-medium:50%;--awb-order-medium:0;--awb-spacing-right-medium:3.84%;--awb-spacing-left-medium:3.84%;--awb-width-small:100%;--awb-order-small:0;--awb-spacing-right-small:1.92%;--awb-spacing-left-small:1.92%;\" data-animationType=\"fadeInDown\" data-animationDuration=\"1.3\" data-animationOffset=\"top-into-view\"><div class=\"fusion-column-wrapper fusion-column-has-shadow fusion-flex-justify-content-center fusion-content-layout-column\"><div class=\"fusion-text fusion-text-1\" style=\"--awb-font-size:20px;\"><p>Esame universitetin\u0117 kolegija, kuri si\u016blo unikali\u0105 galimyb\u0119 suabejoti status quo ir suteikti vietos naujov\u0117ms. Siekiame maksimaliai padidinti mokslini\u0173 tyrim\u0173 ir \u0161vietimo s\u0105veik\u0105, atsi\u017evelgti \u012f savo student\u0173 tikslus ir gerov\u0119, o j\u0173 ateit\u012f paversti savo misija. UCLL yra \u012f kokyb\u0119 orientuota institucija, si\u016blanti auk\u0161t\u0105j\u012f moksl\u0105, mokslinius tyrimus ir paslaugas bendruomenei.<\/p>\n<p>Vienijanti filosofija: \u201eMoving Minds\u201c rei\u0161kia motyvavim\u0105 ir sujungim\u0105 su \u012fvairiais \u017emon\u0117mis, kad b\u016bt\u0173 dalijamasi id\u0117jomis, jos \u012fgyvendinamos ir skatinami teigiami poky\u010diai. M\u016bs\u0173 apr\u0117ptis per\u017eengia sienas, m\u016bs\u0173 protas abejoja status quo, o m\u016bs\u0173 d\u0117mesys sutelkiamas \u012f skirtum\u0105 dirbant kartu \u012fkv\u0117piant kitus. M\u0105stantys protai turi autenti\u0161k\u0105 bals\u0105, kuris \u012fgalina save ir kitus. M\u016bs\u0173 mokymo filosofija, taikomieji tyrimai ir bendruomen\u0117s paslaugos yra galinga ir k\u016brybinga simbioz\u0117, kuri\u0105 formuoja m\u016bs\u0173 studentai, darbuotojai, darbdaviai ir visuomen\u0117. Bendradarbiavimas taip pat rei\u0161kia tarptautin\u0119 vizij\u0105 ir tvirt\u0105 \u012fsitraukim\u0105 \u012f regionin\u0119 (ES) pl\u0117tr\u0105.<\/p>\n<\/div><\/div><\/div><\/div><\/div><\/p>\n","protected":false},"excerpt":{"rendered":"","protected":false},"author":2,"featured_media":0,"parent":3046,"menu_order":0,"comment_status":"closed","ping_status":"closed","template":"100-width.php","meta":{"inline_featured_image":false,"footnotes":""},"class_list":["post-3052","page","type-page","status-publish","hentry"],"yoast_head":"<!-- This site is optimized with the Yoast SEO plugin v25.8 - https:\/\/yoast.com\/wordpress\/plugins\/seo\/ -->\n<title>UCLL - FTDCHE \/ Sollertia<\/title>\n<meta name=\"robots\" content=\"index, follow, max-snippet:-1, max-image-preview:large, max-video-preview:-1\" \/>\n<link rel=\"canonical\" href=\"https:\/\/www.ftdche.eu\/lt\/partneriai\/ucll\/\" \/>\n<meta property=\"og:locale\" content=\"lt_LT\" \/>\n<meta property=\"og:type\" content=\"article\" \/>\n<meta property=\"og:title\" content=\"UCLL - FTDCHE \/ Sollertia\" \/>\n<meta property=\"og:url\" content=\"https:\/\/www.ftdche.eu\/lt\/partneriai\/ucll\/\" \/>\n<meta property=\"og:site_name\" content=\"FTDCHE \/ Sollertia\" \/>\n<meta property=\"article:modified_time\" content=\"2023-06-20T10:27:32+00:00\" \/>\n<meta property=\"og:image\" content=\"https:\/\/www.ftdche.eu\/wp-content\/uploads\/2023\/01\/UCLL_logo-researchenexpertise_RGB-300x73.png\" \/>\n<meta name=\"twitter:card\" content=\"summary_large_image\" \/>\n<meta name=\"twitter:label1\" content=\"Est. reading time\" \/>\n\t<meta name=\"twitter:data1\" content=\"7 minut\u0117s\" \/>\n<script type=\"application\/ld+json\" class=\"yoast-schema-graph\">{\"@context\":\"https:\/\/schema.org\",\"@graph\":[{\"@type\":\"WebPage\",\"@id\":\"https:\/\/www.ftdche.eu\/lt\/partneriai\/ucll\/\",\"url\":\"https:\/\/www.ftdche.eu\/lt\/partneriai\/ucll\/\",\"name\":\"UCLL - FTDCHE \/ Sollertia\",\"isPartOf\":{\"@id\":\"https:\/\/www.ftdche.eu\/#website\"},\"primaryImageOfPage\":{\"@id\":\"https:\/\/www.ftdche.eu\/lt\/partneriai\/ucll\/#primaryimage\"},\"image\":{\"@id\":\"https:\/\/www.ftdche.eu\/lt\/partneriai\/ucll\/#primaryimage\"},\"thumbnailUrl\":\"https:\/\/www.ftdche.eu\/wp-content\/uploads\/2023\/01\/UCLL_logo-researchenexpertise_RGB-300x73.png\",\"datePublished\":\"2023-01-25T18:41:02+00:00\",\"dateModified\":\"2023-06-20T10:27:32+00:00\",\"breadcrumb\":{\"@id\":\"https:\/\/www.ftdche.eu\/lt\/partneriai\/ucll\/#breadcrumb\"},\"inLanguage\":\"lt-LT\",\"potentialAction\":[{\"@type\":\"ReadAction\",\"target\":[\"https:\/\/www.ftdche.eu\/lt\/partneriai\/ucll\/\"]}]},{\"@type\":\"ImageObject\",\"inLanguage\":\"lt-LT\",\"@id\":\"https:\/\/www.ftdche.eu\/lt\/partneriai\/ucll\/#primaryimage\",\"url\":\"https:\/\/www.ftdche.eu\/wp-content\/uploads\/2023\/01\/UCLL_logo-researchenexpertise_RGB-300x73.png\",\"contentUrl\":\"https:\/\/www.ftdche.eu\/wp-content\/uploads\/2023\/01\/UCLL_logo-researchenexpertise_RGB-300x73.png\"},{\"@type\":\"BreadcrumbList\",\"@id\":\"https:\/\/www.ftdche.eu\/lt\/partneriai\/ucll\/#breadcrumb\",\"itemListElement\":[{\"@type\":\"ListItem\",\"position\":1,\"name\":\"Home\",\"item\":\"https:\/\/www.ftdche.eu\/lt\/\"},{\"@type\":\"ListItem\",\"position\":2,\"name\":\"Partneriai\",\"item\":\"https:\/\/www.ftdche.eu\/lt\/partneriai\/\"},{\"@type\":\"ListItem\",\"position\":3,\"name\":\"UCLL\"}]},{\"@type\":\"WebSite\",\"@id\":\"https:\/\/www.ftdche.eu\/#website\",\"url\":\"https:\/\/www.ftdche.eu\/\",\"name\":\"FTDCHE \/ Sollertia\",\"description\":\"Fostering Transversal Digital Competences Higher Education\",\"publisher\":{\"@id\":\"https:\/\/www.ftdche.eu\/#organization\"},\"potentialAction\":[{\"@type\":\"SearchAction\",\"target\":{\"@type\":\"EntryPoint\",\"urlTemplate\":\"https:\/\/www.ftdche.eu\/?s={search_term_string}\"},\"query-input\":{\"@type\":\"PropertyValueSpecification\",\"valueRequired\":true,\"valueName\":\"search_term_string\"}}],\"inLanguage\":\"lt-LT\"},{\"@type\":\"Organization\",\"@id\":\"https:\/\/www.ftdche.eu\/#organization\",\"name\":\"FTDCHE \/ Sollertia\",\"url\":\"https:\/\/www.ftdche.eu\/\",\"logo\":{\"@type\":\"ImageObject\",\"inLanguage\":\"lt-LT\",\"@id\":\"https:\/\/www.ftdche.eu\/#\/schema\/logo\/image\/\",\"url\":\"https:\/\/www.ftdche.eu\/wp-content\/uploads\/2023\/01\/cropped-Sollertia_icon.png\",\"contentUrl\":\"https:\/\/www.ftdche.eu\/wp-content\/uploads\/2023\/01\/cropped-Sollertia_icon.png\",\"width\":512,\"height\":512,\"caption\":\"FTDCHE \/ Sollertia\"},\"image\":{\"@id\":\"https:\/\/www.ftdche.eu\/#\/schema\/logo\/image\/\"}}]}<\/script>\n<!-- \/ Yoast SEO plugin. -->","yoast_head_json":{"title":"UCLL - FTDCHE \/ Sollertia","robots":{"index":"index","follow":"follow","max-snippet":"max-snippet:-1","max-image-preview":"max-image-preview:large","max-video-preview":"max-video-preview:-1"},"canonical":"https:\/\/www.ftdche.eu\/lt\/partneriai\/ucll\/","og_locale":"lt_LT","og_type":"article","og_title":"UCLL - FTDCHE \/ Sollertia","og_url":"https:\/\/www.ftdche.eu\/lt\/partneriai\/ucll\/","og_site_name":"FTDCHE \/ Sollertia","article_modified_time":"2023-06-20T10:27:32+00:00","og_image":[{"url":"https:\/\/www.ftdche.eu\/wp-content\/uploads\/2023\/01\/UCLL_logo-researchenexpertise_RGB-300x73.png","type":"","width":"","height":""}],"twitter_card":"summary_large_image","twitter_misc":{"Est. reading time":"7 minut\u0117s"},"schema":{"@context":"https:\/\/schema.org","@graph":[{"@type":"WebPage","@id":"https:\/\/www.ftdche.eu\/lt\/partneriai\/ucll\/","url":"https:\/\/www.ftdche.eu\/lt\/partneriai\/ucll\/","name":"UCLL - FTDCHE \/ Sollertia","isPartOf":{"@id":"https:\/\/www.ftdche.eu\/#website"},"primaryImageOfPage":{"@id":"https:\/\/www.ftdche.eu\/lt\/partneriai\/ucll\/#primaryimage"},"image":{"@id":"https:\/\/www.ftdche.eu\/lt\/partneriai\/ucll\/#primaryimage"},"thumbnailUrl":"https:\/\/www.ftdche.eu\/wp-content\/uploads\/2023\/01\/UCLL_logo-researchenexpertise_RGB-300x73.png","datePublished":"2023-01-25T18:41:02+00:00","dateModified":"2023-06-20T10:27:32+00:00","breadcrumb":{"@id":"https:\/\/www.ftdche.eu\/lt\/partneriai\/ucll\/#breadcrumb"},"inLanguage":"lt-LT","potentialAction":[{"@type":"ReadAction","target":["https:\/\/www.ftdche.eu\/lt\/partneriai\/ucll\/"]}]},{"@type":"ImageObject","inLanguage":"lt-LT","@id":"https:\/\/www.ftdche.eu\/lt\/partneriai\/ucll\/#primaryimage","url":"https:\/\/www.ftdche.eu\/wp-content\/uploads\/2023\/01\/UCLL_logo-researchenexpertise_RGB-300x73.png","contentUrl":"https:\/\/www.ftdche.eu\/wp-content\/uploads\/2023\/01\/UCLL_logo-researchenexpertise_RGB-300x73.png"},{"@type":"BreadcrumbList","@id":"https:\/\/www.ftdche.eu\/lt\/partneriai\/ucll\/#breadcrumb","itemListElement":[{"@type":"ListItem","position":1,"name":"Home","item":"https:\/\/www.ftdche.eu\/lt\/"},{"@type":"ListItem","position":2,"name":"Partneriai","item":"https:\/\/www.ftdche.eu\/lt\/partneriai\/"},{"@type":"ListItem","position":3,"name":"UCLL"}]},{"@type":"WebSite","@id":"https:\/\/www.ftdche.eu\/#website","url":"https:\/\/www.ftdche.eu\/","name":"FTDCHE \/ Sollertia","description":"Fostering Transversal Digital Competences Higher Education","publisher":{"@id":"https:\/\/www.ftdche.eu\/#organization"},"potentialAction":[{"@type":"SearchAction","target":{"@type":"EntryPoint","urlTemplate":"https:\/\/www.ftdche.eu\/?s={search_term_string}"},"query-input":{"@type":"PropertyValueSpecification","valueRequired":true,"valueName":"search_term_string"}}],"inLanguage":"lt-LT"},{"@type":"Organization","@id":"https:\/\/www.ftdche.eu\/#organization","name":"FTDCHE \/ Sollertia","url":"https:\/\/www.ftdche.eu\/","logo":{"@type":"ImageObject","inLanguage":"lt-LT","@id":"https:\/\/www.ftdche.eu\/#\/schema\/logo\/image\/","url":"https:\/\/www.ftdche.eu\/wp-content\/uploads\/2023\/01\/cropped-Sollertia_icon.png","contentUrl":"https:\/\/www.ftdche.eu\/wp-content\/uploads\/2023\/01\/cropped-Sollertia_icon.png","width":512,"height":512,"caption":"FTDCHE \/ Sollertia"},"image":{"@id":"https:\/\/www.ftdche.eu\/#\/schema\/logo\/image\/"}}]}},"_links":{"self":[{"href":"https:\/\/www.ftdche.eu\/lt\/wp-json\/wp\/v2\/pages\/3052","targetHints":{"allow":["GET"]}}],"collection":[{"href":"https:\/\/www.ftdche.eu\/lt\/wp-json\/wp\/v2\/pages"}],"about":[{"href":"https:\/\/www.ftdche.eu\/lt\/wp-json\/wp\/v2\/types\/page"}],"author":[{"embeddable":true,"href":"https:\/\/www.ftdche.eu\/lt\/wp-json\/wp\/v2\/users\/2"}],"replies":[{"embeddable":true,"href":"https:\/\/www.ftdche.eu\/lt\/wp-json\/wp\/v2\/comments?post=3052"}],"version-history":[{"count":8,"href":"https:\/\/www.ftdche.eu\/lt\/wp-json\/wp\/v2\/pages\/3052\/revisions"}],"predecessor-version":[{"id":3327,"href":"https:\/\/www.ftdche.eu\/lt\/wp-json\/wp\/v2\/pages\/3052\/revisions\/3327"}],"up":[{"embeddable":true,"href":"https:\/\/www.ftdche.eu\/lt\/wp-json\/wp\/v2\/pages\/3046"}],"wp:attachment":[{"href":"https:\/\/www.ftdche.eu\/lt\/wp-json\/wp\/v2\/media?parent=3052"}],"curies":[{"name":"wp","href":"https:\/\/api.w.org\/{rel}","templated":true}]}}