{"id":2808,"date":"2023-01-25T18:41:02","date_gmt":"2023-01-25T18:41:02","guid":{"rendered":"https:\/\/www.ftdche.eu\/socios\/ucll\/"},"modified":"2023-04-23T15:28:54","modified_gmt":"2023-04-23T15:28:54","slug":"ucll","status":"publish","type":"page","link":"https:\/\/www.ftdche.eu\/es\/socios\/ucll\/","title":{"rendered":"UCLL"},"content":{"rendered":"<p><div class=\"fusion-fullwidth fullwidth-box fusion-builder-row-1 fusion-flex-container has-pattern-background has-mask-background nonhundred-percent-fullwidth non-hundred-percent-height-scrolling\" style=\"--awb-border-radius-top-left:0px;--awb-border-radius-top-right:0px;--awb-border-radius-bottom-right:0px;--awb-border-radius-bottom-left:0px;--awb-flex-wrap:wrap;\" ><div class=\"fusion-builder-row fusion-row fusion-flex-align-items-flex-start fusion-flex-content-wrap\" style=\"max-width:1310.4px;margin-left: calc(-4% \/ 2 );margin-right: calc(-4% \/ 2 );\"><div class=\"fusion-layout-column fusion_builder_column fusion-builder-column-0 fusion_builder_column_1_1 1_1 fusion-flex-column\" style=\"--awb-bg-size:cover;--awb-width-large:100%;--awb-margin-top-large:0px;--awb-spacing-right-large:1.92%;--awb-margin-bottom-large:20px;--awb-spacing-left-large:1.92%;--awb-width-medium:100%;--awb-order-medium:0;--awb-spacing-right-medium:1.92%;--awb-spacing-left-medium:1.92%;--awb-width-small:100%;--awb-order-small:0;--awb-spacing-right-small:1.92%;--awb-spacing-left-small:1.92%;\"><div class=\"fusion-column-wrapper fusion-column-has-shadow fusion-flex-justify-content-flex-start fusion-content-layout-column\"><div class=\"fusion-title title fusion-title-1 fusion-sep-none fusion-title-text fusion-title-size-one\"><h1 class=\"fusion-title-heading title-heading-left\" style=\"margin:0;\"><p style=\"text-align: center;\">Colegios Universitarios de Leuven-Limburg<\/p><\/h1><\/div><\/div><\/div><\/div><\/div><div class=\"fusion-fullwidth fullwidth-box fusion-builder-row-2 fusion-flex-container nonhundred-percent-fullwidth non-hundred-percent-height-scrolling\" style=\"--awb-border-radius-top-left:0px;--awb-border-radius-top-right:0px;--awb-border-radius-bottom-right:0px;--awb-border-radius-bottom-left:0px;--awb-padding-top:1.5vw;--awb-padding-right:5vw;--awb-padding-bottom:1.5vw;--awb-padding-left:5vw;--awb-padding-top-medium:0px;--awb-padding-bottom-medium:0px;--awb-margin-bottom:80px;--awb-margin-bottom-medium:60px;--awb-margin-bottom-small:48px;--awb-flex-wrap:wrap;\" ><div class=\"fusion-builder-row fusion-row fusion-flex-align-items-flex-end fusion-flex-content-wrap\" style=\"max-width:1310.4px;margin-left: calc(-4% \/ 2 );margin-right: calc(-4% \/ 2 );\"><div class=\"fusion-layout-column fusion_builder_column fusion-builder-column-1 fusion_builder_column_2_5 2_5 fusion-flex-column fusion-animated\" style=\"--awb-bg-size:cover;--awb-width-large:40%;--awb-margin-top-large:0px;--awb-spacing-right-large:4.8%;--awb-margin-bottom-large:0px;--awb-spacing-left-large:4.8%;--awb-width-medium:50%;--awb-order-medium:0;--awb-spacing-right-medium:3.84%;--awb-spacing-left-medium:3.84%;--awb-width-small:100%;--awb-order-small:0;--awb-spacing-right-small:1.92%;--awb-margin-bottom-small:20px;--awb-spacing-left-small:1.92%;\" data-animationType=\"fadeInDown\" data-animationDuration=\"1.3\" data-animationOffset=\"top-into-view\"><div class=\"fusion-column-wrapper fusion-column-has-shadow fusion-flex-justify-content-center fusion-content-layout-column\"><div class=\"fusion-title title fusion-title-2 fusion-no-small-visibility fusion-no-medium-visibility fusion-sep-none fusion-title-text fusion-title-size-one\"><h1 class=\"fusion-title-heading title-heading-left\" style=\"margin:0;\"><a href=\"uma.es\" class=\"awb-custom-text-color awb-custom-text-hover-color\" target=\"_self\"><img decoding=\"async\" class=\"lazyload alignnone size-medium wp-image-2392\" src=\"https:\/\/www.ftdche.eu\/wp-content\/uploads\/2023\/01\/UCLL_logo-researchenexpertise_RGB-300x73.png\" data-orig-src=\"https:\/\/www.ftdche.eu\/wp-content\/uploads\/2023\/01\/UCLL_logo-researchenexpertise_RGB-300x73.png\" alt=\"\" width=\"300\" height=\"73\" srcset=\"data:image\/svg+xml,%3Csvg%20xmlns%3D%27http%3A%2F%2Fwww.w3.org%2F2000%2Fsvg%27%20width%3D%27300%27%20height%3D%2773%27%20viewBox%3D%270%200%20300%2073%27%3E%3Crect%20width%3D%27300%27%20height%3D%2773%27%20fill-opacity%3D%220%22%2F%3E%3C%2Fsvg%3E\" data-srcset=\"https:\/\/www.ftdche.eu\/wp-content\/uploads\/2023\/01\/UCLL_logo-researchenexpertise_RGB-200x49.png 200w, https:\/\/www.ftdche.eu\/wp-content\/uploads\/2023\/01\/UCLL_logo-researchenexpertise_RGB-300x73.png 300w, https:\/\/www.ftdche.eu\/wp-content\/uploads\/2023\/01\/UCLL_logo-researchenexpertise_RGB-400x97.png 400w, https:\/\/www.ftdche.eu\/wp-content\/uploads\/2023\/01\/UCLL_logo-researchenexpertise_RGB.png 497w\" data-sizes=\"auto\" data-orig-sizes=\"(max-width: 300px) 100vw, 300px\" \/><\/a><\/h1><\/div><div class=\"fusion-title title fusion-title-3 fusion-sep-none fusion-title-text fusion-title-size-one\" style=\"--awb-font-size:50px;\"><h1 class=\"fusion-title-heading title-heading-left\" style=\"margin:0;font-size:1em;\"><a href=\"https:\/\/www.ucll.be\/en\" class=\"awb-custom-text-color awb-custom-text-hover-color\" target=\"_self\"><img decoding=\"async\" class=\"lazyload alignnone wp-image-2386 aligncenter\" src=\"https:\/\/www.ftdche.eu\/wp-content\/uploads\/2023\/01\/UCLL_nieuwbouw_1-300x200.jpeg\" data-orig-src=\"https:\/\/www.ftdche.eu\/wp-content\/uploads\/2023\/01\/UCLL_nieuwbouw_1-300x200.jpeg\" alt=\"\" width=\"485\" height=\"323\" srcset=\"data:image\/svg+xml,%3Csvg%20xmlns%3D%27http%3A%2F%2Fwww.w3.org%2F2000%2Fsvg%27%20width%3D%27485%27%20height%3D%27323%27%20viewBox%3D%270%200%20485%20323%27%3E%3Crect%20width%3D%27485%27%20height%3D%27323%27%20fill-opacity%3D%220%22%2F%3E%3C%2Fsvg%3E\" data-srcset=\"https:\/\/www.ftdche.eu\/wp-content\/uploads\/2023\/01\/UCLL_nieuwbouw_1-200x133.jpeg 200w, https:\/\/www.ftdche.eu\/wp-content\/uploads\/2023\/01\/UCLL_nieuwbouw_1-300x200.jpeg 300w, https:\/\/www.ftdche.eu\/wp-content\/uploads\/2023\/01\/UCLL_nieuwbouw_1-400x267.jpeg 400w, https:\/\/www.ftdche.eu\/wp-content\/uploads\/2023\/01\/UCLL_nieuwbouw_1-600x400.jpeg 600w, https:\/\/www.ftdche.eu\/wp-content\/uploads\/2023\/01\/UCLL_nieuwbouw_1-768x512.jpeg 768w, https:\/\/www.ftdche.eu\/wp-content\/uploads\/2023\/01\/UCLL_nieuwbouw_1-800x533.jpeg 800w, https:\/\/www.ftdche.eu\/wp-content\/uploads\/2023\/01\/UCLL_nieuwbouw_1-1024x683.jpeg 1024w, https:\/\/www.ftdche.eu\/wp-content\/uploads\/2023\/01\/UCLL_nieuwbouw_1-1200x800.jpeg 1200w, https:\/\/www.ftdche.eu\/wp-content\/uploads\/2023\/01\/UCLL_nieuwbouw_1-1536x1024.jpeg 1536w\" data-sizes=\"auto\" data-orig-sizes=\"(max-width: 485px) 100vw, 485px\" \/><\/a><\/h1><\/div><\/div><\/div><div class=\"fusion-layout-column fusion_builder_column fusion-builder-column-2 fusion_builder_column_3_5 3_5 fusion-flex-column fusion-animated\" style=\"--awb-bg-size:cover;--awb-width-large:60%;--awb-margin-top-large:0px;--awb-spacing-right-large:3.2%;--awb-margin-bottom-large:0px;--awb-spacing-left-large:3.2%;--awb-width-medium:50%;--awb-order-medium:0;--awb-spacing-right-medium:3.84%;--awb-spacing-left-medium:3.84%;--awb-width-small:100%;--awb-order-small:0;--awb-spacing-right-small:1.92%;--awb-spacing-left-small:1.92%;\" data-animationType=\"fadeInDown\" data-animationDuration=\"1.3\" data-animationOffset=\"top-into-view\"><div class=\"fusion-column-wrapper fusion-column-has-shadow fusion-flex-justify-content-center fusion-content-layout-column\"><div class=\"fusion-text fusion-text-1\" style=\"--awb-font-size:20px;\"><p>Somos un colegio universitario que ofrece una oportunidad \u00fanica para cuestionar el statu quo y dar cabida a la innovaci\u00f3n. Nuestro objetivo es maximizar la interacci\u00f3n entre la investigaci\u00f3n y la educaci\u00f3n y tomar en serio los objetivos y el bienestar de nuestros estudiantes y hacer de su futuro nuestra misi\u00f3n. La UCLL es una instituci\u00f3n orientada a la calidad que ofrece educaci\u00f3n superior, investigaci\u00f3n y servicio comunitario.<\/p>\n<p>Una filosof\u00eda unificadora: &#8216;Mentes en movimiento&#8217; significa motivar y conectar a una amplia variedad de personas para que las ideas se compartan, cobren vida y provoquen un cambio positivo. Nuestro alcance trasciende las fronteras, nuestras mentes cuestionan el status quo y nuestro enfoque radica en la diferencia que puede hacer trabajar juntos e inspirar a otros. Las mentes en movimiento tienen una voz aut\u00e9ntica que se empodera a s\u00ed misma y a los dem\u00e1s. Nuestra filosof\u00eda de ense\u00f1anza, la investigaci\u00f3n aplicada y el servicio comunitario son una simbiosis poderosa y creativa formada por nuestros estudiantes, nuestro personal, los empleadores y la sociedad. Trabajar juntos tambi\u00e9n implica una visi\u00f3n internacional y un fuerte compromiso con los desarrollos regionales de la UE.<\/p>\n<\/div><\/div><\/div><\/div><\/div><\/p>\n","protected":false},"excerpt":{"rendered":"","protected":false},"author":2,"featured_media":0,"parent":2787,"menu_order":0,"comment_status":"closed","ping_status":"closed","template":"100-width.php","meta":{"inline_featured_image":false,"footnotes":""},"class_list":["post-2808","page","type-page","status-publish","hentry"],"yoast_head":"<!-- This site is optimized with the Yoast SEO plugin v25.8 - https:\/\/yoast.com\/wordpress\/plugins\/seo\/ -->\n<title>UCLL - FTDCHE \/ Sollertia<\/title>\n<meta name=\"robots\" content=\"index, follow, max-snippet:-1, max-image-preview:large, max-video-preview:-1\" \/>\n<link rel=\"canonical\" href=\"https:\/\/www.ftdche.eu\/es\/socios\/ucll\/\" \/>\n<meta property=\"og:locale\" content=\"es_ES\" \/>\n<meta property=\"og:type\" content=\"article\" \/>\n<meta property=\"og:title\" content=\"UCLL - FTDCHE \/ Sollertia\" \/>\n<meta property=\"og:url\" content=\"https:\/\/www.ftdche.eu\/es\/socios\/ucll\/\" \/>\n<meta property=\"og:site_name\" content=\"FTDCHE \/ Sollertia\" \/>\n<meta property=\"article:modified_time\" content=\"2023-04-23T15:28:54+00:00\" \/>\n<meta property=\"og:image\" content=\"https:\/\/www.ftdche.eu\/wp-content\/uploads\/2023\/01\/UCLL_logo-researchenexpertise_RGB-300x73.png\" \/>\n<meta name=\"twitter:card\" content=\"summary_large_image\" \/>\n<meta name=\"twitter:label1\" content=\"Tiempo de lectura\" \/>\n\t<meta name=\"twitter:data1\" content=\"7 minutos\" \/>\n<script type=\"application\/ld+json\" class=\"yoast-schema-graph\">{\"@context\":\"https:\/\/schema.org\",\"@graph\":[{\"@type\":\"WebPage\",\"@id\":\"https:\/\/www.ftdche.eu\/es\/socios\/ucll\/\",\"url\":\"https:\/\/www.ftdche.eu\/es\/socios\/ucll\/\",\"name\":\"UCLL - FTDCHE \/ Sollertia\",\"isPartOf\":{\"@id\":\"https:\/\/www.ftdche.eu\/#website\"},\"primaryImageOfPage\":{\"@id\":\"https:\/\/www.ftdche.eu\/es\/socios\/ucll\/#primaryimage\"},\"image\":{\"@id\":\"https:\/\/www.ftdche.eu\/es\/socios\/ucll\/#primaryimage\"},\"thumbnailUrl\":\"https:\/\/www.ftdche.eu\/wp-content\/uploads\/2023\/01\/UCLL_logo-researchenexpertise_RGB-300x73.png\",\"datePublished\":\"2023-01-25T18:41:02+00:00\",\"dateModified\":\"2023-04-23T15:28:54+00:00\",\"breadcrumb\":{\"@id\":\"https:\/\/www.ftdche.eu\/es\/socios\/ucll\/#breadcrumb\"},\"inLanguage\":\"es\",\"potentialAction\":[{\"@type\":\"ReadAction\",\"target\":[\"https:\/\/www.ftdche.eu\/es\/socios\/ucll\/\"]}]},{\"@type\":\"ImageObject\",\"inLanguage\":\"es\",\"@id\":\"https:\/\/www.ftdche.eu\/es\/socios\/ucll\/#primaryimage\",\"url\":\"https:\/\/www.ftdche.eu\/wp-content\/uploads\/2023\/01\/UCLL_logo-researchenexpertise_RGB-300x73.png\",\"contentUrl\":\"https:\/\/www.ftdche.eu\/wp-content\/uploads\/2023\/01\/UCLL_logo-researchenexpertise_RGB-300x73.png\"},{\"@type\":\"BreadcrumbList\",\"@id\":\"https:\/\/www.ftdche.eu\/es\/socios\/ucll\/#breadcrumb\",\"itemListElement\":[{\"@type\":\"ListItem\",\"position\":1,\"name\":\"Home\",\"item\":\"https:\/\/www.ftdche.eu\/es\/inicio-sollertia\/\"},{\"@type\":\"ListItem\",\"position\":2,\"name\":\"Socios\",\"item\":\"https:\/\/www.ftdche.eu\/es\/socios\/\"},{\"@type\":\"ListItem\",\"position\":3,\"name\":\"UCLL\"}]},{\"@type\":\"WebSite\",\"@id\":\"https:\/\/www.ftdche.eu\/#website\",\"url\":\"https:\/\/www.ftdche.eu\/\",\"name\":\"FTDCHE \/ Sollertia\",\"description\":\"Fostering Transversal Digital Competences Higher Education\",\"publisher\":{\"@id\":\"https:\/\/www.ftdche.eu\/#organization\"},\"potentialAction\":[{\"@type\":\"SearchAction\",\"target\":{\"@type\":\"EntryPoint\",\"urlTemplate\":\"https:\/\/www.ftdche.eu\/?s={search_term_string}\"},\"query-input\":{\"@type\":\"PropertyValueSpecification\",\"valueRequired\":true,\"valueName\":\"search_term_string\"}}],\"inLanguage\":\"es\"},{\"@type\":\"Organization\",\"@id\":\"https:\/\/www.ftdche.eu\/#organization\",\"name\":\"FTDCHE \/ Sollertia\",\"url\":\"https:\/\/www.ftdche.eu\/\",\"logo\":{\"@type\":\"ImageObject\",\"inLanguage\":\"es\",\"@id\":\"https:\/\/www.ftdche.eu\/#\/schema\/logo\/image\/\",\"url\":\"https:\/\/www.ftdche.eu\/wp-content\/uploads\/2023\/01\/cropped-Sollertia_icon.png\",\"contentUrl\":\"https:\/\/www.ftdche.eu\/wp-content\/uploads\/2023\/01\/cropped-Sollertia_icon.png\",\"width\":512,\"height\":512,\"caption\":\"FTDCHE \/ Sollertia\"},\"image\":{\"@id\":\"https:\/\/www.ftdche.eu\/#\/schema\/logo\/image\/\"}}]}<\/script>\n<!-- \/ Yoast SEO plugin. -->","yoast_head_json":{"title":"UCLL - FTDCHE \/ Sollertia","robots":{"index":"index","follow":"follow","max-snippet":"max-snippet:-1","max-image-preview":"max-image-preview:large","max-video-preview":"max-video-preview:-1"},"canonical":"https:\/\/www.ftdche.eu\/es\/socios\/ucll\/","og_locale":"es_ES","og_type":"article","og_title":"UCLL - FTDCHE \/ Sollertia","og_url":"https:\/\/www.ftdche.eu\/es\/socios\/ucll\/","og_site_name":"FTDCHE \/ Sollertia","article_modified_time":"2023-04-23T15:28:54+00:00","og_image":[{"url":"https:\/\/www.ftdche.eu\/wp-content\/uploads\/2023\/01\/UCLL_logo-researchenexpertise_RGB-300x73.png","type":"","width":"","height":""}],"twitter_card":"summary_large_image","twitter_misc":{"Tiempo de lectura":"7 minutos"},"schema":{"@context":"https:\/\/schema.org","@graph":[{"@type":"WebPage","@id":"https:\/\/www.ftdche.eu\/es\/socios\/ucll\/","url":"https:\/\/www.ftdche.eu\/es\/socios\/ucll\/","name":"UCLL - FTDCHE \/ Sollertia","isPartOf":{"@id":"https:\/\/www.ftdche.eu\/#website"},"primaryImageOfPage":{"@id":"https:\/\/www.ftdche.eu\/es\/socios\/ucll\/#primaryimage"},"image":{"@id":"https:\/\/www.ftdche.eu\/es\/socios\/ucll\/#primaryimage"},"thumbnailUrl":"https:\/\/www.ftdche.eu\/wp-content\/uploads\/2023\/01\/UCLL_logo-researchenexpertise_RGB-300x73.png","datePublished":"2023-01-25T18:41:02+00:00","dateModified":"2023-04-23T15:28:54+00:00","breadcrumb":{"@id":"https:\/\/www.ftdche.eu\/es\/socios\/ucll\/#breadcrumb"},"inLanguage":"es","potentialAction":[{"@type":"ReadAction","target":["https:\/\/www.ftdche.eu\/es\/socios\/ucll\/"]}]},{"@type":"ImageObject","inLanguage":"es","@id":"https:\/\/www.ftdche.eu\/es\/socios\/ucll\/#primaryimage","url":"https:\/\/www.ftdche.eu\/wp-content\/uploads\/2023\/01\/UCLL_logo-researchenexpertise_RGB-300x73.png","contentUrl":"https:\/\/www.ftdche.eu\/wp-content\/uploads\/2023\/01\/UCLL_logo-researchenexpertise_RGB-300x73.png"},{"@type":"BreadcrumbList","@id":"https:\/\/www.ftdche.eu\/es\/socios\/ucll\/#breadcrumb","itemListElement":[{"@type":"ListItem","position":1,"name":"Home","item":"https:\/\/www.ftdche.eu\/es\/inicio-sollertia\/"},{"@type":"ListItem","position":2,"name":"Socios","item":"https:\/\/www.ftdche.eu\/es\/socios\/"},{"@type":"ListItem","position":3,"name":"UCLL"}]},{"@type":"WebSite","@id":"https:\/\/www.ftdche.eu\/#website","url":"https:\/\/www.ftdche.eu\/","name":"FTDCHE \/ Sollertia","description":"Fostering Transversal Digital Competences Higher Education","publisher":{"@id":"https:\/\/www.ftdche.eu\/#organization"},"potentialAction":[{"@type":"SearchAction","target":{"@type":"EntryPoint","urlTemplate":"https:\/\/www.ftdche.eu\/?s={search_term_string}"},"query-input":{"@type":"PropertyValueSpecification","valueRequired":true,"valueName":"search_term_string"}}],"inLanguage":"es"},{"@type":"Organization","@id":"https:\/\/www.ftdche.eu\/#organization","name":"FTDCHE \/ Sollertia","url":"https:\/\/www.ftdche.eu\/","logo":{"@type":"ImageObject","inLanguage":"es","@id":"https:\/\/www.ftdche.eu\/#\/schema\/logo\/image\/","url":"https:\/\/www.ftdche.eu\/wp-content\/uploads\/2023\/01\/cropped-Sollertia_icon.png","contentUrl":"https:\/\/www.ftdche.eu\/wp-content\/uploads\/2023\/01\/cropped-Sollertia_icon.png","width":512,"height":512,"caption":"FTDCHE \/ Sollertia"},"image":{"@id":"https:\/\/www.ftdche.eu\/#\/schema\/logo\/image\/"}}]}},"_links":{"self":[{"href":"https:\/\/www.ftdche.eu\/es\/wp-json\/wp\/v2\/pages\/2808","targetHints":{"allow":["GET"]}}],"collection":[{"href":"https:\/\/www.ftdche.eu\/es\/wp-json\/wp\/v2\/pages"}],"about":[{"href":"https:\/\/www.ftdche.eu\/es\/wp-json\/wp\/v2\/types\/page"}],"author":[{"embeddable":true,"href":"https:\/\/www.ftdche.eu\/es\/wp-json\/wp\/v2\/users\/2"}],"replies":[{"embeddable":true,"href":"https:\/\/www.ftdche.eu\/es\/wp-json\/wp\/v2\/comments?post=2808"}],"version-history":[{"count":2,"href":"https:\/\/www.ftdche.eu\/es\/wp-json\/wp\/v2\/pages\/2808\/revisions"}],"predecessor-version":[{"id":2810,"href":"https:\/\/www.ftdche.eu\/es\/wp-json\/wp\/v2\/pages\/2808\/revisions\/2810"}],"up":[{"embeddable":true,"href":"https:\/\/www.ftdche.eu\/es\/wp-json\/wp\/v2\/pages\/2787"}],"wp:attachment":[{"href":"https:\/\/www.ftdche.eu\/es\/wp-json\/wp\/v2\/media?parent=2808"}],"curies":[{"name":"wp","href":"https:\/\/api.w.org\/{rel}","templated":true}]}}