{"id":2793,"date":"2023-01-25T18:05:00","date_gmt":"2023-01-25T17:05:00","guid":{"rendered":"https:\/\/www.ftdche.eu\/socios\/uma\/"},"modified":"2024-08-05T23:25:55","modified_gmt":"2024-08-05T22:25:55","slug":"uma","status":"publish","type":"page","link":"https:\/\/www.ftdche.eu\/es\/socios\/uma\/","title":{"rendered":"UMA"},"content":{"rendered":"<p><div class=\"fusion-fullwidth fullwidth-box fusion-builder-row-1 fusion-flex-container has-pattern-background has-mask-background nonhundred-percent-fullwidth non-hundred-percent-height-scrolling\" style=\"--awb-border-radius-top-left:0px;--awb-border-radius-top-right:0px;--awb-border-radius-bottom-right:0px;--awb-border-radius-bottom-left:0px;--awb-flex-wrap:wrap;\" ><div class=\"fusion-builder-row fusion-row fusion-flex-align-items-flex-start fusion-flex-content-wrap\" style=\"max-width:1310.4px;margin-left: calc(-4% \/ 2 );margin-right: calc(-4% \/ 2 );\"><div class=\"fusion-layout-column fusion_builder_column fusion-builder-column-0 fusion_builder_column_1_1 1_1 fusion-flex-column\" style=\"--awb-bg-size:cover;--awb-width-large:100%;--awb-margin-top-large:0px;--awb-spacing-right-large:1.92%;--awb-margin-bottom-large:20px;--awb-spacing-left-large:1.92%;--awb-width-medium:100%;--awb-order-medium:0;--awb-spacing-right-medium:1.92%;--awb-spacing-left-medium:1.92%;--awb-width-small:100%;--awb-order-small:0;--awb-spacing-right-small:1.92%;--awb-spacing-left-small:1.92%;\"><div class=\"fusion-column-wrapper fusion-column-has-shadow fusion-flex-justify-content-flex-start fusion-content-layout-column\"><div class=\"fusion-title title fusion-title-1 fusion-sep-none fusion-title-center fusion-title-text fusion-title-size-one\"><h1 class=\"fusion-title-heading title-heading-center\" style=\"margin:0;\"><p style=\"text-align: center;\">Universidad de M\u00e1laga<\/p><\/h1><\/div><\/div><\/div><\/div><\/div><div class=\"fusion-fullwidth fullwidth-box fusion-builder-row-2 fusion-flex-container nonhundred-percent-fullwidth non-hundred-percent-height-scrolling\" style=\"--awb-border-radius-top-left:0px;--awb-border-radius-top-right:0px;--awb-border-radius-bottom-right:0px;--awb-border-radius-bottom-left:0px;--awb-padding-top:1.5vw;--awb-padding-right:5vw;--awb-padding-bottom:1.5vw;--awb-padding-left:5vw;--awb-padding-top-medium:0px;--awb-padding-bottom-medium:0px;--awb-margin-bottom:80px;--awb-margin-bottom-medium:60px;--awb-margin-bottom-small:48px;--awb-flex-wrap:wrap;\" ><div class=\"fusion-builder-row fusion-row fusion-flex-align-items-flex-end fusion-flex-content-wrap\" style=\"max-width:1310.4px;margin-left: calc(-4% \/ 2 );margin-right: calc(-4% \/ 2 );\"><div class=\"fusion-layout-column fusion_builder_column fusion-builder-column-1 fusion_builder_column_2_5 2_5 fusion-flex-column fusion-flex-align-self-stretch fusion-animated\" style=\"--awb-bg-size:cover;--awb-width-large:40%;--awb-margin-top-large:0px;--awb-spacing-right-large:4.8%;--awb-margin-bottom-large:0px;--awb-spacing-left-large:4.8%;--awb-width-medium:50%;--awb-order-medium:0;--awb-spacing-right-medium:3.84%;--awb-spacing-left-medium:3.84%;--awb-width-small:100%;--awb-order-small:0;--awb-spacing-right-small:1.92%;--awb-margin-bottom-small:20px;--awb-spacing-left-small:1.92%;\" data-animationType=\"fadeInDown\" data-animationDuration=\"1.3\" data-animationOffset=\"top-into-view\"><div class=\"fusion-column-wrapper fusion-column-has-shadow fusion-flex-justify-content-space-evenly fusion-content-layout-row fusion-flex-align-items-stretch\"><div class=\"fusion-title title fusion-title-2 fusion-no-small-visibility fusion-no-medium-visibility fusion-sep-none fusion-title-text fusion-title-size-one\" style=\"--awb-margin-top:0px;--awb-margin-bottom:0px;\"><h1 class=\"fusion-title-heading title-heading-left\" style=\"margin:0;\"><a href=\"uma.es\" class=\"awb-custom-text-color awb-custom-text-hover-color\" target=\"_self\"><div class=\"wp-block-image\">\n<p class=\"wp-block-image\"><img decoding=\"async\" class=\"lazyload wpa-warning wpa-image-missing-alt alignnone size-medium wp-image-4109\" src=\"https:\/\/www.ftdche.eu\/wp-content\/uploads\/2024\/05\/logoUMA-300x115.png\" data-orig-src=\"https:\/\/www.ftdche.eu\/wp-content\/uploads\/2024\/05\/logoUMA-300x115.png\" alt=\"\" width=\"300\" height=\"115\" data-warning=\"Missing alt text\" srcset=\"data:image\/svg+xml,%3Csvg%20xmlns%3D%27http%3A%2F%2Fwww.w3.org%2F2000%2Fsvg%27%20width%3D%27300%27%20height%3D%27115%27%20viewBox%3D%270%200%20300%20115%27%3E%3Crect%20width%3D%27300%27%20height%3D%27115%27%20fill-opacity%3D%220%22%2F%3E%3C%2Fsvg%3E\" data-srcset=\"https:\/\/www.ftdche.eu\/wp-content\/uploads\/2024\/05\/logoUMA-200x76.png 200w, https:\/\/www.ftdche.eu\/wp-content\/uploads\/2024\/05\/logoUMA-300x115.png 300w, https:\/\/www.ftdche.eu\/wp-content\/uploads\/2024\/05\/logoUMA-400x153.png 400w, https:\/\/www.ftdche.eu\/wp-content\/uploads\/2024\/05\/logoUMA-600x229.png 600w, https:\/\/www.ftdche.eu\/wp-content\/uploads\/2024\/05\/logoUMA-768x294.png 768w, https:\/\/www.ftdche.eu\/wp-content\/uploads\/2024\/05\/logoUMA-800x306.png 800w, https:\/\/www.ftdche.eu\/wp-content\/uploads\/2024\/05\/logoUMA.png 858w\" data-sizes=\"auto\" data-orig-sizes=\"(max-width: 300px) 100vw, 300px\" \/><\/p>\n<\/div><\/a><\/h1><\/div><div class=\"fusion-title title fusion-title-3 fusion-sep-none fusion-title-text fusion-title-size-one\" style=\"--awb-font-size:50px;\"><h1 class=\"fusion-title-heading title-heading-left\" style=\"margin:0;font-size:1em;\"><a href=\"https:\/\/www.informatica.uma.es\" class=\"awb-custom-text-color awb-custom-text-hover-color\" target=\"_self\"><img decoding=\"async\" class=\"lazyload alignnone wp-image-2336 aligncenter\" src=\"https:\/\/www.ftdche.eu\/wp-content\/uploads\/2023\/01\/etsiigmaps-300x188.jpg\" data-orig-src=\"https:\/\/www.ftdche.eu\/wp-content\/uploads\/2023\/01\/etsiigmaps-300x188.jpg\" alt=\"\" width=\"491\" height=\"308\" srcset=\"data:image\/svg+xml,%3Csvg%20xmlns%3D%27http%3A%2F%2Fwww.w3.org%2F2000%2Fsvg%27%20width%3D%27491%27%20height%3D%27308%27%20viewBox%3D%270%200%20491%20308%27%3E%3Crect%20width%3D%27491%27%20height%3D%27308%27%20fill-opacity%3D%220%22%2F%3E%3C%2Fsvg%3E\" data-srcset=\"https:\/\/www.ftdche.eu\/wp-content\/uploads\/2023\/01\/etsiigmaps-200x125.jpg 200w, https:\/\/www.ftdche.eu\/wp-content\/uploads\/2023\/01\/etsiigmaps-300x188.jpg 300w, https:\/\/www.ftdche.eu\/wp-content\/uploads\/2023\/01\/etsiigmaps-320x202.jpg 320w, https:\/\/www.ftdche.eu\/wp-content\/uploads\/2023\/01\/etsiigmaps-400x250.jpg 400w, https:\/\/www.ftdche.eu\/wp-content\/uploads\/2023\/01\/etsiigmaps-600x375.jpg 600w, https:\/\/www.ftdche.eu\/wp-content\/uploads\/2023\/01\/etsiigmaps-700x441.jpg 700w, https:\/\/www.ftdche.eu\/wp-content\/uploads\/2023\/01\/etsiigmaps-768x480.jpg 768w, https:\/\/www.ftdche.eu\/wp-content\/uploads\/2023\/01\/etsiigmaps-800x500.jpg 800w, https:\/\/www.ftdche.eu\/wp-content\/uploads\/2023\/01\/etsiigmaps-1024x640.jpg 1024w, https:\/\/www.ftdche.eu\/wp-content\/uploads\/2023\/01\/etsiigmaps-1200x750.jpg 1200w, https:\/\/www.ftdche.eu\/wp-content\/uploads\/2023\/01\/etsiigmaps-1536x960.jpg 1536w, https:\/\/www.ftdche.eu\/wp-content\/uploads\/2023\/01\/etsiigmaps.jpg 1920w\" data-sizes=\"auto\" data-orig-sizes=\"(max-width: 491px) 100vw, 491px\" \/><\/a><\/h1><\/div><\/div><\/div><div class=\"fusion-layout-column fusion_builder_column fusion-builder-column-2 fusion_builder_column_3_5 3_5 fusion-flex-column fusion-animated\" style=\"--awb-bg-size:cover;--awb-width-large:60%;--awb-margin-top-large:0px;--awb-spacing-right-large:3.2%;--awb-margin-bottom-large:0px;--awb-spacing-left-large:3.2%;--awb-width-medium:50%;--awb-order-medium:0;--awb-spacing-right-medium:3.84%;--awb-spacing-left-medium:3.84%;--awb-width-small:100%;--awb-order-small:0;--awb-spacing-right-small:1.92%;--awb-spacing-left-small:1.92%;\" data-animationType=\"fadeInDown\" data-animationDuration=\"1.3\" data-animationOffset=\"top-into-view\"><div class=\"fusion-column-wrapper fusion-column-has-shadow fusion-flex-justify-content-center fusion-content-layout-column\"><div class=\"fusion-text fusion-text-1\" style=\"--awb-font-size:20px;\"><p>Privilegiada por su ubicaci\u00f3n geogr\u00e1fica, la Universidad de M\u00e1laga (UMA) destaca por su personal docente e investigador altamente cualificado. Junto a la Universidad de Sevilla, conforman el Campus de Excelencia Internacional, \u2018Andaluc\u00eda Tech\u2019, que trabaja en \u00e1reas punteras de investigaci\u00f3n y transferencia de conocimiento y mantiene alianzas estrat\u00e9gicas con m\u00e1s de 150 empresas.<\/p>\n<p>Actualmente, cerca de cuarenta mil estudiantes est\u00e1n matriculados en la Universidad, confiando en la UMA para ayudarlos a convertirse en los profesionales que demanda el siglo XXI. En particular, el Plan Integral de Docencia 2022 recientemente aprobado, facilita el aprendizaje a trav\u00e9s de la adquisici\u00f3n de competencias digitales transversales y la formaci\u00f3n para mejorar la empleabilidad, la innovaci\u00f3n y el emprendimiento.<\/p>\n<\/div><\/div><\/div><\/div><\/div><\/p>\n","protected":false},"excerpt":{"rendered":"","protected":false},"author":2,"featured_media":0,"parent":2787,"menu_order":0,"comment_status":"closed","ping_status":"closed","template":"100-width.php","meta":{"inline_featured_image":false,"footnotes":""},"class_list":["post-2793","page","type-page","status-publish","hentry"],"yoast_head":"<!-- This site is optimized with the Yoast SEO plugin v25.8 - https:\/\/yoast.com\/wordpress\/plugins\/seo\/ -->\n<title>UMA - FTDCHE \/ Sollertia<\/title>\n<meta name=\"robots\" content=\"index, follow, max-snippet:-1, max-image-preview:large, max-video-preview:-1\" \/>\n<link rel=\"canonical\" href=\"https:\/\/www.ftdche.eu\/es\/socios\/uma\/\" \/>\n<meta property=\"og:locale\" content=\"es_ES\" \/>\n<meta property=\"og:type\" content=\"article\" \/>\n<meta property=\"og:title\" content=\"UMA - FTDCHE \/ Sollertia\" \/>\n<meta property=\"og:url\" content=\"https:\/\/www.ftdche.eu\/es\/socios\/uma\/\" \/>\n<meta property=\"og:site_name\" content=\"FTDCHE \/ Sollertia\" \/>\n<meta property=\"article:modified_time\" content=\"2024-08-05T22:25:55+00:00\" \/>\n<meta property=\"og:image\" content=\"https:\/\/www.ftdche.eu\/wp-content\/uploads\/2024\/05\/logoUMA-300x115.png\" \/>\n<meta name=\"twitter:card\" content=\"summary_large_image\" \/>\n<meta name=\"twitter:label1\" content=\"Tiempo de lectura\" \/>\n\t<meta name=\"twitter:data1\" content=\"7 minutos\" \/>\n<script type=\"application\/ld+json\" class=\"yoast-schema-graph\">{\"@context\":\"https:\/\/schema.org\",\"@graph\":[{\"@type\":\"WebPage\",\"@id\":\"https:\/\/www.ftdche.eu\/es\/socios\/uma\/\",\"url\":\"https:\/\/www.ftdche.eu\/es\/socios\/uma\/\",\"name\":\"UMA - FTDCHE \/ Sollertia\",\"isPartOf\":{\"@id\":\"https:\/\/www.ftdche.eu\/#website\"},\"primaryImageOfPage\":{\"@id\":\"https:\/\/www.ftdche.eu\/es\/socios\/uma\/#primaryimage\"},\"image\":{\"@id\":\"https:\/\/www.ftdche.eu\/es\/socios\/uma\/#primaryimage\"},\"thumbnailUrl\":\"https:\/\/www.ftdche.eu\/wp-content\/uploads\/2024\/05\/logoUMA-300x115.png\",\"datePublished\":\"2023-01-25T17:05:00+00:00\",\"dateModified\":\"2024-08-05T22:25:55+00:00\",\"breadcrumb\":{\"@id\":\"https:\/\/www.ftdche.eu\/es\/socios\/uma\/#breadcrumb\"},\"inLanguage\":\"es\",\"potentialAction\":[{\"@type\":\"ReadAction\",\"target\":[\"https:\/\/www.ftdche.eu\/es\/socios\/uma\/\"]}]},{\"@type\":\"ImageObject\",\"inLanguage\":\"es\",\"@id\":\"https:\/\/www.ftdche.eu\/es\/socios\/uma\/#primaryimage\",\"url\":\"https:\/\/www.ftdche.eu\/wp-content\/uploads\/2024\/05\/logoUMA-300x115.png\",\"contentUrl\":\"https:\/\/www.ftdche.eu\/wp-content\/uploads\/2024\/05\/logoUMA-300x115.png\"},{\"@type\":\"BreadcrumbList\",\"@id\":\"https:\/\/www.ftdche.eu\/es\/socios\/uma\/#breadcrumb\",\"itemListElement\":[{\"@type\":\"ListItem\",\"position\":1,\"name\":\"Home\",\"item\":\"https:\/\/www.ftdche.eu\/es\/inicio-sollertia\/\"},{\"@type\":\"ListItem\",\"position\":2,\"name\":\"Socios\",\"item\":\"https:\/\/www.ftdche.eu\/es\/socios\/\"},{\"@type\":\"ListItem\",\"position\":3,\"name\":\"UMA\"}]},{\"@type\":\"WebSite\",\"@id\":\"https:\/\/www.ftdche.eu\/#website\",\"url\":\"https:\/\/www.ftdche.eu\/\",\"name\":\"FTDCHE \/ Sollertia\",\"description\":\"Fostering Transversal Digital Competences Higher Education\",\"publisher\":{\"@id\":\"https:\/\/www.ftdche.eu\/#organization\"},\"potentialAction\":[{\"@type\":\"SearchAction\",\"target\":{\"@type\":\"EntryPoint\",\"urlTemplate\":\"https:\/\/www.ftdche.eu\/?s={search_term_string}\"},\"query-input\":{\"@type\":\"PropertyValueSpecification\",\"valueRequired\":true,\"valueName\":\"search_term_string\"}}],\"inLanguage\":\"es\"},{\"@type\":\"Organization\",\"@id\":\"https:\/\/www.ftdche.eu\/#organization\",\"name\":\"FTDCHE \/ Sollertia\",\"url\":\"https:\/\/www.ftdche.eu\/\",\"logo\":{\"@type\":\"ImageObject\",\"inLanguage\":\"es\",\"@id\":\"https:\/\/www.ftdche.eu\/#\/schema\/logo\/image\/\",\"url\":\"https:\/\/www.ftdche.eu\/wp-content\/uploads\/2023\/01\/cropped-Sollertia_icon.png\",\"contentUrl\":\"https:\/\/www.ftdche.eu\/wp-content\/uploads\/2023\/01\/cropped-Sollertia_icon.png\",\"width\":512,\"height\":512,\"caption\":\"FTDCHE \/ Sollertia\"},\"image\":{\"@id\":\"https:\/\/www.ftdche.eu\/#\/schema\/logo\/image\/\"}}]}<\/script>\n<!-- \/ Yoast SEO plugin. -->","yoast_head_json":{"title":"UMA - FTDCHE \/ Sollertia","robots":{"index":"index","follow":"follow","max-snippet":"max-snippet:-1","max-image-preview":"max-image-preview:large","max-video-preview":"max-video-preview:-1"},"canonical":"https:\/\/www.ftdche.eu\/es\/socios\/uma\/","og_locale":"es_ES","og_type":"article","og_title":"UMA - FTDCHE \/ Sollertia","og_url":"https:\/\/www.ftdche.eu\/es\/socios\/uma\/","og_site_name":"FTDCHE \/ Sollertia","article_modified_time":"2024-08-05T22:25:55+00:00","og_image":[{"url":"https:\/\/www.ftdche.eu\/wp-content\/uploads\/2024\/05\/logoUMA-300x115.png","type":"","width":"","height":""}],"twitter_card":"summary_large_image","twitter_misc":{"Tiempo de lectura":"7 minutos"},"schema":{"@context":"https:\/\/schema.org","@graph":[{"@type":"WebPage","@id":"https:\/\/www.ftdche.eu\/es\/socios\/uma\/","url":"https:\/\/www.ftdche.eu\/es\/socios\/uma\/","name":"UMA - FTDCHE \/ Sollertia","isPartOf":{"@id":"https:\/\/www.ftdche.eu\/#website"},"primaryImageOfPage":{"@id":"https:\/\/www.ftdche.eu\/es\/socios\/uma\/#primaryimage"},"image":{"@id":"https:\/\/www.ftdche.eu\/es\/socios\/uma\/#primaryimage"},"thumbnailUrl":"https:\/\/www.ftdche.eu\/wp-content\/uploads\/2024\/05\/logoUMA-300x115.png","datePublished":"2023-01-25T17:05:00+00:00","dateModified":"2024-08-05T22:25:55+00:00","breadcrumb":{"@id":"https:\/\/www.ftdche.eu\/es\/socios\/uma\/#breadcrumb"},"inLanguage":"es","potentialAction":[{"@type":"ReadAction","target":["https:\/\/www.ftdche.eu\/es\/socios\/uma\/"]}]},{"@type":"ImageObject","inLanguage":"es","@id":"https:\/\/www.ftdche.eu\/es\/socios\/uma\/#primaryimage","url":"https:\/\/www.ftdche.eu\/wp-content\/uploads\/2024\/05\/logoUMA-300x115.png","contentUrl":"https:\/\/www.ftdche.eu\/wp-content\/uploads\/2024\/05\/logoUMA-300x115.png"},{"@type":"BreadcrumbList","@id":"https:\/\/www.ftdche.eu\/es\/socios\/uma\/#breadcrumb","itemListElement":[{"@type":"ListItem","position":1,"name":"Home","item":"https:\/\/www.ftdche.eu\/es\/inicio-sollertia\/"},{"@type":"ListItem","position":2,"name":"Socios","item":"https:\/\/www.ftdche.eu\/es\/socios\/"},{"@type":"ListItem","position":3,"name":"UMA"}]},{"@type":"WebSite","@id":"https:\/\/www.ftdche.eu\/#website","url":"https:\/\/www.ftdche.eu\/","name":"FTDCHE \/ Sollertia","description":"Fostering Transversal Digital Competences Higher Education","publisher":{"@id":"https:\/\/www.ftdche.eu\/#organization"},"potentialAction":[{"@type":"SearchAction","target":{"@type":"EntryPoint","urlTemplate":"https:\/\/www.ftdche.eu\/?s={search_term_string}"},"query-input":{"@type":"PropertyValueSpecification","valueRequired":true,"valueName":"search_term_string"}}],"inLanguage":"es"},{"@type":"Organization","@id":"https:\/\/www.ftdche.eu\/#organization","name":"FTDCHE \/ Sollertia","url":"https:\/\/www.ftdche.eu\/","logo":{"@type":"ImageObject","inLanguage":"es","@id":"https:\/\/www.ftdche.eu\/#\/schema\/logo\/image\/","url":"https:\/\/www.ftdche.eu\/wp-content\/uploads\/2023\/01\/cropped-Sollertia_icon.png","contentUrl":"https:\/\/www.ftdche.eu\/wp-content\/uploads\/2023\/01\/cropped-Sollertia_icon.png","width":512,"height":512,"caption":"FTDCHE \/ Sollertia"},"image":{"@id":"https:\/\/www.ftdche.eu\/#\/schema\/logo\/image\/"}}]}},"_links":{"self":[{"href":"https:\/\/www.ftdche.eu\/es\/wp-json\/wp\/v2\/pages\/2793","targetHints":{"allow":["GET"]}}],"collection":[{"href":"https:\/\/www.ftdche.eu\/es\/wp-json\/wp\/v2\/pages"}],"about":[{"href":"https:\/\/www.ftdche.eu\/es\/wp-json\/wp\/v2\/types\/page"}],"author":[{"embeddable":true,"href":"https:\/\/www.ftdche.eu\/es\/wp-json\/wp\/v2\/users\/2"}],"replies":[{"embeddable":true,"href":"https:\/\/www.ftdche.eu\/es\/wp-json\/wp\/v2\/comments?post=2793"}],"version-history":[{"count":7,"href":"https:\/\/www.ftdche.eu\/es\/wp-json\/wp\/v2\/pages\/2793\/revisions"}],"predecessor-version":[{"id":4225,"href":"https:\/\/www.ftdche.eu\/es\/wp-json\/wp\/v2\/pages\/2793\/revisions\/4225"}],"up":[{"embeddable":true,"href":"https:\/\/www.ftdche.eu\/es\/wp-json\/wp\/v2\/pages\/2787"}],"wp:attachment":[{"href":"https:\/\/www.ftdche.eu\/es\/wp-json\/wp\/v2\/media?parent=2793"}],"curies":[{"name":"wp","href":"https:\/\/api.w.org\/{rel}","templated":true}]}}